{"id":1587,"date":"2021-11-19T13:52:29","date_gmt":"2021-11-19T13:52:29","guid":{"rendered":"https:\/\/www.hondarribiafutbolelkartea.com\/?page_id=1587"},"modified":"2023-10-10T09:03:02","modified_gmt":"2023-10-10T07:03:02","slug":"egin-zaitez-bazkide","status":"publish","type":"page","link":"https:\/\/www.hondarribiafutbolelkartea.com\/eu\/egin-zaitez-bazkide\/","title":{"rendered":"Egin zaitez bazkide"},"content":{"rendered":"<p>[et_pb_section fb_built=&#8221;1&#8243; _builder_version=&#8221;4.16&#8243; _module_preset=&#8221;default&#8221; global_colors_info=&#8221;{}&#8221;][et_pb_row _builder_version=&#8221;4.16&#8243; _module_preset=&#8221;default&#8221; custom_padding=&#8221;0px||||false|false&#8221; global_colors_info=&#8221;{}&#8221;][et_pb_column type=&#8221;4_4&#8243; _builder_version=&#8221;4.16&#8243; _module_preset=&#8221;default&#8221; global_colors_info=&#8221;{}&#8221;][et_pb_text _builder_version=&#8221;4.16&#8243; _module_preset=&#8221;default&#8221; global_colors_info=&#8221;{}&#8221;]<\/p>\n<h1>Egin zaitez bazkide<\/h1>\n<p>[\/et_pb_text][\/et_pb_column][\/et_pb_row][et_pb_row column_structure=&#8221;2_3,1_3&#8243; _builder_version=&#8221;4.16&#8243; _module_preset=&#8221;default&#8221; global_colors_info=&#8221;{}&#8221;][et_pb_column type=&#8221;2_3&#8243; _builder_version=&#8221;4.16&#8243; _module_preset=&#8221;default&#8221; global_colors_info=&#8221;{}&#8221;][et_pb_text admin_label=&#8221;Texto&#8221; module_class=&#8221;formas-socio&#8221; _builder_version=&#8221;4.16&#8243; _module_preset=&#8221;default&#8221; global_colors_info=&#8221;{}&#8221;]<\/p>\n<h2>Hondarribia Futbol Elkarteko bazkide egin nahi al duzu?<\/h2>\n<p style=\"margin-bottom: 30px;\">Kide izateko bi modu erraz proposatzen ditugu:<\/p>\n<ul class=\"green-bullet\">\n<li><strong>ONLINE<\/strong>: Orrialde honetako formularioa bete eta bidali<\/li>\n<li><strong>PRESENTZIALA<\/strong>: Deskargatu <a href=\"https:\/\/www.hondarribiafutbolelkartea.com\/wp-content\/uploads\/2021\/11\/alta-socio-eu.pdf\" target=\"_blank\" rel=\"noopener\">bazkidetza-inskripzio orria<\/a> eta entregatu gure bulegoetan edozein partidu egunetan edo bota futbol-zelaiaren sarrerako postontzian.<\/li>\n<\/ul>\n<p>[\/et_pb_text][et_pb_text admin_label=&#8221;Texto&#8221; module_class=&#8221;real-sociedad&#8221; _builder_version=&#8221;4.16&#8243; _module_preset=&#8221;default&#8221; global_colors_info=&#8221;{}&#8221; disabled_on=&#8221;on|on|on&#8221; disabled=&#8221;on&#8221;]<img loading=\"lazy\" decoding=\"async\" class=\"alignright wp-image-918 size-thumbnail\" src=\"https:\/\/www.hondarribiafutbolelkartea.com\/wp-content\/uploads\/2021\/11\/real-sociedad-150x150.png\" alt=\"\" width=\"150\" height=\"150\" srcset=\"https:\/\/www.hondarribiafutbolelkartea.com\/wp-content\/uploads\/2021\/11\/real-sociedad-150x150.png 150w, https:\/\/www.hondarribiafutbolelkartea.com\/wp-content\/uploads\/2021\/11\/real-sociedad-300x300.png 300w, https:\/\/www.hondarribiafutbolelkartea.com\/wp-content\/uploads\/2021\/11\/real-sociedad-100x100.png 100w, https:\/\/www.hondarribiafutbolelkartea.com\/wp-content\/uploads\/2021\/11\/real-sociedad.png 354w\" sizes=\"auto, (max-width: 150px) 100vw, 150px\" \/><\/p>\n<h2>Realarekin bidaiatu nahi duzu partida bat ikustera?<\/h2>\n<p>HFEko kide guztien artean Zubietatik autobusez bidaia, taldearekin hegazkin bidaia, egonaldia eta partida ikusteko sarrerak barne hartzen dituen Errealarekin asteburu bat zozkatuko dugu.[\/et_pb_text][et_pb_text _builder_version=&#8221;4.16&#8243; _module_preset=&#8221;default&#8221; global_colors_info=&#8221;{}&#8221;]<\/p>\n<h2 class=\"form-title\">Bazkideen izena emateko eskaera<\/h2>\n<p>[\/et_pb_text][et_pb_code module_class=&#8221;formulario&#8221; _builder_version=&#8221;4.16&#8243; _module_preset=&#8221;default&#8221; global_colors_info=&#8221;{}&#8221;]\n<div class=\"wpcf7 no-js\" id=\"wpcf7-f1801-o1\" lang=\"es-ES\" dir=\"ltr\" data-wpcf7-id=\"1801\">\n<div class=\"screen-reader-response\"><p role=\"status\" aria-live=\"polite\" aria-atomic=\"true\"><\/p> <ul><\/ul><\/div>\n<form action=\"\/eu\/wp-json\/wp\/v2\/pages\/1587#wpcf7-f1801-o1\" method=\"post\" class=\"wpcf7-form init\" aria-label=\"Formulario de contacto\" novalidate=\"novalidate\" data-status=\"init\">\n<div style=\"display: none;\">\n<input type=\"hidden\" name=\"_wpcf7\" value=\"1801\" \/>\n<input type=\"hidden\" name=\"_wpcf7_version\" value=\"6.0.1\" \/>\n<input type=\"hidden\" name=\"_wpcf7_locale\" value=\"es_ES\" \/>\n<input type=\"hidden\" name=\"_wpcf7_unit_tag\" value=\"wpcf7-f1801-o1\" \/>\n<input type=\"hidden\" name=\"_wpcf7_container_post\" value=\"0\" \/>\n<input type=\"hidden\" name=\"_wpcf7_posted_data_hash\" value=\"\" \/>\n<input type=\"hidden\" name=\"_wpcf7_recaptcha_response\" value=\"\" \/>\n<\/div>\n<h2>BAZKIDEN DATUAK\n<\/h2>\n<p class=\"left\"><label>Izena<\/label><span class=\"wpcf7-form-control-wrap\" data-name=\"izena\"><input size=\"40\" maxlength=\"400\" class=\"wpcf7-form-control wpcf7-text wpcf7-validates-as-required\" aria-required=\"true\" aria-invalid=\"false\" value=\"\" type=\"text\" name=\"izena\" \/><\/span>\n<\/p>\n<p class=\"right\"><label>Abizena<\/label><span class=\"wpcf7-form-control-wrap\" data-name=\"abizena\"><input size=\"40\" maxlength=\"400\" class=\"wpcf7-form-control wpcf7-text wpcf7-validates-as-required\" aria-required=\"true\" aria-invalid=\"false\" value=\"\" type=\"text\" name=\"abizena\" \/><\/span>\n<\/p>\n<p class=\"left\"><label>NAN<\/label><span class=\"wpcf7-form-control-wrap\" data-name=\"nan\"><input size=\"40\" maxlength=\"400\" class=\"wpcf7-form-control wpcf7-text wpcf7-validates-as-required\" aria-required=\"true\" aria-invalid=\"false\" value=\"\" type=\"text\" name=\"nan\" \/><\/span>\n<\/p>\n<p class=\"right\"><label>Jaiotze data<\/label><span class=\"wpcf7-form-control-wrap\" data-name=\"jaiotze\"><input class=\"wpcf7-form-control wpcf7-date wpcf7-validates-as-required wpcf7-validates-as-date\" aria-required=\"true\" aria-invalid=\"false\" value=\"\" type=\"date\" name=\"jaiotze\" \/><\/span>\n<\/p>\n<p class=\"left\"><label>Telefonoa<\/label><span class=\"wpcf7-form-control-wrap\" data-name=\"telefonoa\"><input size=\"40\" maxlength=\"400\" class=\"wpcf7-form-control wpcf7-text wpcf7-validates-as-required\" aria-required=\"true\" aria-invalid=\"false\" value=\"\" type=\"text\" name=\"telefonoa\" \/><\/span>\n<\/p>\n<p class=\"right\"><label>Emaila<\/label><span class=\"wpcf7-form-control-wrap\" data-name=\"emaila\"><input size=\"40\" maxlength=\"400\" class=\"wpcf7-form-control wpcf7-email wpcf7-validates-as-required wpcf7-text wpcf7-validates-as-email\" aria-required=\"true\" aria-invalid=\"false\" value=\"\" type=\"email\" name=\"emaila\" \/><\/span>\n<\/p>\n<p class=\"left\"><label>Helbidea<\/label><span class=\"wpcf7-form-control-wrap\" data-name=\"helbidea\"><input size=\"40\" maxlength=\"400\" class=\"wpcf7-form-control wpcf7-text wpcf7-validates-as-required\" aria-required=\"true\" aria-invalid=\"false\" value=\"\" type=\"text\" name=\"helbidea\" \/><\/span>\n<\/p>\n<p class=\"right\"><label>PK<\/label><span class=\"wpcf7-form-control-wrap\" data-name=\"pk\"><input size=\"40\" maxlength=\"400\" class=\"wpcf7-form-control wpcf7-text wpcf7-validates-as-required\" aria-required=\"true\" aria-invalid=\"false\" value=\"\" type=\"text\" name=\"pk\" \/><\/span>\n<\/p>\n<p class=\"left\"><label>Herria<\/label><span class=\"wpcf7-form-control-wrap\" data-name=\"herria\"><input size=\"40\" maxlength=\"400\" class=\"wpcf7-form-control wpcf7-text wpcf7-validates-as-required\" aria-required=\"true\" aria-invalid=\"false\" value=\"\" type=\"text\" name=\"herria\" \/><\/span>\n<\/p>\n<p class=\"right\"><label>Probintzia<\/label><span class=\"wpcf7-form-control-wrap\" data-name=\"probintzia\"><input size=\"40\" maxlength=\"400\" class=\"wpcf7-form-control wpcf7-text wpcf7-validates-as-required\" aria-required=\"true\" aria-invalid=\"false\" value=\"\" type=\"text\" name=\"probintzia\" \/><\/span>\n<\/p>\n<div class=\"domiciliacion\">\n\t<h2>KUOTA DOMIZILIATZEKO DATUAK\n\t<\/h2>\n\t<p class=\"full\"><label>Titularraren izen abizenak<\/label><span class=\"wpcf7-form-control-wrap\" data-name=\"kuota-izenabizenak\"><input size=\"40\" maxlength=\"400\" class=\"wpcf7-form-control wpcf7-text wpcf7-validates-as-required\" aria-required=\"true\" aria-invalid=\"false\" value=\"\" type=\"text\" name=\"kuota-izenabizenak\" \/><\/span>\n\t<\/p>\n\t<p class=\"left\"><label>Bankua<\/label><span class=\"wpcf7-form-control-wrap\" data-name=\"kuota-bankua\"><input size=\"40\" maxlength=\"400\" class=\"wpcf7-form-control wpcf7-text wpcf7-validates-as-required\" aria-required=\"true\" aria-invalid=\"false\" value=\"\" type=\"text\" name=\"kuota-bankua\" \/><\/span>\n\t<\/p>\n\t<p class=\"right\"><label>IBAN<\/label><span class=\"wpcf7-form-control-wrap\" data-name=\"kuota-iban\"><input size=\"40\" maxlength=\"400\" class=\"wpcf7-form-control wpcf7-text wpcf7-validates-as-required\" aria-required=\"true\" aria-invalid=\"false\" placeholder=\"ESXX XXXX XXXX XX XXXXXXXXXX\" value=\"\" type=\"text\" name=\"kuota-iban\" \/><\/span>\n\t<\/p>\n\t<p class=\"full\"><span class=\"wpcf7-form-control-wrap\" data-name=\"giros\"><span class=\"wpcf7-form-control wpcf7-acceptance\"><span class=\"wpcf7-list-item\"><input type=\"checkbox\" name=\"giros\" value=\"1\" aria-invalid=\"false\" \/><\/span><\/span><\/span>Hondarribia Futbol Elkarteak egiten dizkidan karguak bazkidetza gisa onartzen ditut..\n\t<\/p>\n<\/div>\n<p class=\"full\"><span class=\"wpcf7-form-control-wrap\" data-name=\"privacidad\"><span class=\"wpcf7-form-control wpcf7-acceptance\"><span class=\"wpcf7-list-item\"><input type=\"checkbox\" name=\"privacidad\" value=\"1\" aria-invalid=\"false\" \/><\/span><\/span><\/span> Irakurri eta onartzen det pribatutasun politika\n<\/p>\n<p class=\"full\"><input class=\"wpcf7-form-control wpcf7-submit has-spinner\" type=\"submit\" value=\"Bidali\" \/>\n<\/p><div class=\"wpcf7-response-output\" aria-hidden=\"true\"><\/div>\n<\/form>\n<\/div>\n[\/et_pb_code][\/et_pb_column][et_pb_column type=&#8221;1_3&#8243; _builder_version=&#8221;4.16&#8243; _module_preset=&#8221;default&#8221; global_colors_info=&#8221;{}&#8221;][et_pb_blurb title=&#8221;EGIN ZAITEZ BAZKIDE!&#8221; image=&#8221;https:\/\/www.hondarribiafutbolelkartea.com\/wp-content\/uploads\/2021\/11\/hazte-socio.jpg&#8221; admin_label=&#8221;\u00a1HAZTE SOCIO!&#8221; module_class=&#8221;hazte-socio&#8221; _builder_version=&#8221;4.21.0&#8243; _module_preset=&#8221;default&#8221; header_level=&#8221;h2&#8243; animation=&#8221;off&#8221; hover_enabled=&#8221;0&#8243; saved_tabs=&#8221;all&#8221; locked=&#8221;off&#8221; global_colors_info=&#8221;{}&#8221; sticky_enabled=&#8221;0&#8243;]<\/p>\n<p><strong>IZAN KLUBAREN PARTE<\/strong><\/p>\n<p><strong>50 urte baino gehiago<\/strong> eta kategoria ezberdinetako <strong>14 talde<\/strong> dituen futbol klubaz gain, eskualdean<strong> lan sozial handia egiten dugulako, urtean 400 haur eta gazte baino gehiago entrenatuz<\/strong> gure neguko eta udako futbol eskoletan.<\/p>\n<div class=\"cuota\">\n<h3>Urteko kuota:<\/h3>\n<table>\n<tbody>\n<tr>\n<td>Orokorra:<\/td>\n<td>30\u20ac<\/td>\n<\/tr>\n<tr>\n<td>urtez azpikoak:<\/td>\n<td>10\u20ac<\/td>\n<\/tr>\n<\/tbody>\n<\/table>\n<\/div>\n<p>[\/et_pb_blurb][\/et_pb_column][\/et_pb_row][\/et_pb_section]<\/p>\n","protected":false},"excerpt":{"rendered":"<p>Egin zaitez bazkideHondarribia Futbol Elkarteko bazkide egin nahi al duzu? Kide izateko bi modu erraz proposatzen ditugu: ONLINE: Orrialde honetako formularioa bete eta bidali PRESENTZIALA: Deskargatu bazkidetza-inskripzio orria eta entregatu gure bulegoetan edozein partidu egunetan edo bota futbol-zelaiaren sarrerako postontzian. Realarekin bidaiatu nahi duzu partida bat ikustera? HFEko kide guztien artean Zubietatik autobusez bidaia, taldearekin [&hellip;]<\/p>\n","protected":false},"author":1,"featured_media":0,"parent":0,"menu_order":13,"comment_status":"closed","ping_status":"closed","template":"","meta":{"_et_pb_use_builder":"on","_et_pb_old_content":"[et_pb_section fb_built=\"1\" _builder_version=\"4.9.10\" _module_preset=\"default\" global_colors_info=\"{}\"][et_pb_row _builder_version=\"4.9.10\" _module_preset=\"default\" custom_padding=\"0px||||false|false\" global_colors_info=\"{}\"][et_pb_column type=\"4_4\" _builder_version=\"4.9.10\" _module_preset=\"default\" global_colors_info=\"{}\"][et_pb_text _builder_version=\"4.13.1\" _module_preset=\"default\" global_colors_info=\"{}\"]<h1>Hazte soci@<\/h1>[\/et_pb_text][\/et_pb_column][\/et_pb_row][et_pb_row column_structure=\"2_3,1_3\" _builder_version=\"4.13.1\" _module_preset=\"default\" global_colors_info=\"{}\"][et_pb_column type=\"2_3\" _builder_version=\"4.9.10\" _module_preset=\"default\" global_colors_info=\"{}\"][et_pb_text admin_label=\"Texto\" module_class=\"formas-socio\" _builder_version=\"4.13.1\" _module_preset=\"default\" global_colors_info=\"{}\"]<h2>\u00bfQuieres hacerte socio de Hondarribia Futbol Elkartea?<\/h2>\r\n<p style=\"margin-bottom: 30px;\">Te proponemos dos formas muy sencillas para hacerte socio:<\/p>\r\n<ul class=\"green-bullet\">\r\n<li><strong>ONLINE<\/strong>: Rellena y env\u00eda el formulario de esta p\u00e1gina<\/li>\r\n<li><strong>PRESENCIAL<\/strong>: Descarga el <a href=\"https:\/\/www.hondarribiafutbolelkartea.com\/wp-content\/uploads\/2021\/11\/alta-socio-es.pdf\" target=\"_blank\" rel=\"noopener\">impreso de alta de socio<\/a> y entr\u00e9galo en nuestras oficinas cualquier d\u00eda de partido o depos\u00edtalo en el buz\u00f3n que hay en la entrada del campo de f\u00fabol.<\/li>\r\n<\/ul>[\/et_pb_text][et_pb_text admin_label=\"Texto\" module_class=\"real-sociedad\" _builder_version=\"4.13.1\" _module_preset=\"default\" hover_enabled=\"0\" global_colors_info=\"{}\" sticky_enabled=\"0\"]<img class=\"alignright wp-image-918 size-thumbnail\" src=\"https:\/\/www.hondarribiafutbolelkartea.com\/wp-content\/uploads\/2021\/11\/real-sociedad-150x150.png\" alt=\"\" width=\"150\" height=\"150\" \/><h2>\u00bfQuieres viajar con la Real Sociedad para ver un partido?<\/h2>\r\nEntre todos los socios de HFE sortearemos un fin de semana con la Real Sociedad que incluye los desplazamientos en autob\u00fas de Zubieta, viaje en avi\u00f3n con el equipo, estancia y entradas para ver el partido.[\/et_pb_text][et_pb_text _builder_version=\"4.13.1\" _module_preset=\"default\" global_colors_info=\"{}\"]<h2 class=\"form-title\">Solicitud de alta de socio<\/h2>[\/et_pb_text][et_pb_code module_class=\"formulario\" _builder_version=\"4.9.10\" _module_preset=\"default\" global_colors_info=\"{}\"][contact-form-7 id=\"34\" title=\"Socios\"][\/et_pb_code][\/et_pb_column][et_pb_column type=\"1_3\" _builder_version=\"4.13.1\" _module_preset=\"default\" global_colors_info=\"{}\"][et_pb_blurb title=\"\u00a1HAZTE SOCIO!\" image=\"https:\/\/www.hondarribiafutbolelkartea.com\/wp-content\/uploads\/2021\/11\/hazte-socio.jpg\" admin_label=\"\u00a1HAZTE SOCIO!\" module_class=\"hazte-socio\" _builder_version=\"4.13.1\" _module_preset=\"default\" header_level=\"h2\" animation=\"off\" saved_tabs=\"all\" locked=\"off\" global_colors_info=\"{}\"]<p><strong>Y S\u00c9 PARTE DEL CLUB<\/strong><\/p>\r\n<p>Porque adem\u00e1s de un club de f\u00fatbol con <strong>m\u00e1s de 50 a\u00f1os<\/strong> y <strong>14 equipos<\/strong> en diferentes categor\u00edas, realizamos una gran <strong>labor social en la comarca formando a m\u00e1s de 400 ni\u00f1os<\/strong> y j\u00f3venes al a\u00f1o en nuestras escuelas de f\u00fatbol de invierno y verano.<\/p>\r\n<div class=\"cuota\">\r\n<h3>Cuota anual:<\/h3>\r\n<table>\r\n<tbody>\r\n<tr>\r\n<td>General:<\/td>\r\n<td>50\u20ac<\/td>\r\n<\/tr>\r\n<tr>\r\n<td>Jubiliados:<\/td>\r\n<td>30\u20ac<\/td>\r\n<\/tr>\r\n<tr>\r\n<td>Menores 16 a\u00f1os:<\/td>\r\n<td>10\u20ac<\/td>\r\n<\/tr>\r\n<\/tbody>\r\n<\/table>\r\n<\/div>[\/et_pb_blurb][\/et_pb_column][\/et_pb_row][\/et_pb_section]","_et_gb_content_width":"","inline_featured_image":false,"footnotes":""},"class_list":["post-1587","page","type-page","status-publish","hentry"],"yoast_head":"<!-- This site is optimized with the Yoast SEO plugin v23.9 - https:\/\/yoast.com\/wordpress\/plugins\/seo\/ -->\n<title>Egin zaitez bazkide - Hondarribia Futbol Elkartea<\/title>\n<meta name=\"robots\" content=\"index, follow, max-snippet:-1, max-image-preview:large, max-video-preview:-1\" \/>\n<link rel=\"canonical\" href=\"https:\/\/www.hondarribiafutbolelkartea.com\/eu\/egin-zaitez-bazkide\/\" \/>\n<meta property=\"og:locale\" content=\"eu_ES\" \/>\n<meta property=\"og:type\" content=\"article\" \/>\n<meta property=\"og:title\" content=\"Egin zaitez bazkide - Hondarribia Futbol Elkartea\" \/>\n<meta property=\"og:description\" content=\"Egin zaitez bazkideHondarribia Futbol Elkarteko bazkide egin nahi al duzu? Kide izateko bi modu erraz proposatzen ditugu: ONLINE: Orrialde honetako formularioa bete eta bidali PRESENTZIALA: Deskargatu bazkidetza-inskripzio orria eta entregatu gure bulegoetan edozein partidu egunetan edo bota futbol-zelaiaren sarrerako postontzian. Realarekin bidaiatu nahi duzu partida bat ikustera? HFEko kide guztien artean Zubietatik autobusez bidaia, taldearekin [&hellip;]\" \/>\n<meta property=\"og:url\" content=\"https:\/\/www.hondarribiafutbolelkartea.com\/eu\/egin-zaitez-bazkide\/\" \/>\n<meta property=\"og:site_name\" content=\"Hondarribia Futbol Elkartea\" \/>\n<meta property=\"article:modified_time\" content=\"2023-10-10T07:03:02+00:00\" \/>\n<meta property=\"og:image\" content=\"https:\/\/www.hondarribiafutbolelkartea.com\/wp-content\/uploads\/2021\/11\/real-sociedad-150x150.png\" \/>\n<meta name=\"twitter:card\" content=\"summary_large_image\" \/>\n<meta name=\"twitter:label1\" content=\"Est. reading time\" \/>\n\t<meta name=\"twitter:data1\" content=\"2 minutua\" \/>\n<script type=\"application\/ld+json\" class=\"yoast-schema-graph\">{\"@context\":\"https:\/\/schema.org\",\"@graph\":[{\"@type\":\"WebPage\",\"@id\":\"https:\/\/www.hondarribiafutbolelkartea.com\/eu\/egin-zaitez-bazkide\/\",\"url\":\"https:\/\/www.hondarribiafutbolelkartea.com\/eu\/egin-zaitez-bazkide\/\",\"name\":\"Egin zaitez bazkide - Hondarribia Futbol Elkartea\",\"isPartOf\":{\"@id\":\"https:\/\/www.hondarribiafutbolelkartea.com\/es\/#website\"},\"primaryImageOfPage\":{\"@id\":\"https:\/\/www.hondarribiafutbolelkartea.com\/eu\/egin-zaitez-bazkide\/#primaryimage\"},\"image\":{\"@id\":\"https:\/\/www.hondarribiafutbolelkartea.com\/eu\/egin-zaitez-bazkide\/#primaryimage\"},\"thumbnailUrl\":\"https:\/\/www.hondarribiafutbolelkartea.com\/wp-content\/uploads\/2021\/11\/real-sociedad-150x150.png\",\"datePublished\":\"2021-11-19T13:52:29+00:00\",\"dateModified\":\"2023-10-10T07:03:02+00:00\",\"breadcrumb\":{\"@id\":\"https:\/\/www.hondarribiafutbolelkartea.com\/eu\/egin-zaitez-bazkide\/#breadcrumb\"},\"inLanguage\":\"eu\",\"potentialAction\":[{\"@type\":\"ReadAction\",\"target\":[\"https:\/\/www.hondarribiafutbolelkartea.com\/eu\/egin-zaitez-bazkide\/\"]}]},{\"@type\":\"ImageObject\",\"inLanguage\":\"eu\",\"@id\":\"https:\/\/www.hondarribiafutbolelkartea.com\/eu\/egin-zaitez-bazkide\/#primaryimage\",\"url\":\"https:\/\/www.hondarribiafutbolelkartea.com\/wp-content\/uploads\/2021\/11\/real-sociedad-150x150.png\",\"contentUrl\":\"https:\/\/www.hondarribiafutbolelkartea.com\/wp-content\/uploads\/2021\/11\/real-sociedad-150x150.png\"},{\"@type\":\"BreadcrumbList\",\"@id\":\"https:\/\/www.hondarribiafutbolelkartea.com\/eu\/egin-zaitez-bazkide\/#breadcrumb\",\"itemListElement\":[{\"@type\":\"ListItem\",\"position\":1,\"name\":\"Portada\",\"item\":\"https:\/\/www.hondarribiafutbolelkartea.com\/eu\/\"},{\"@type\":\"ListItem\",\"position\":2,\"name\":\"Egin zaitez bazkide\"}]},{\"@type\":\"WebSite\",\"@id\":\"https:\/\/www.hondarribiafutbolelkartea.com\/es\/#website\",\"url\":\"https:\/\/www.hondarribiafutbolelkartea.com\/es\/\",\"name\":\"Hondarribia Futbol Elkartea\",\"description\":\"Jolastu futbolera Hondarribian\",\"potentialAction\":[{\"@type\":\"SearchAction\",\"target\":{\"@type\":\"EntryPoint\",\"urlTemplate\":\"https:\/\/www.hondarribiafutbolelkartea.com\/es\/?s={search_term_string}\"},\"query-input\":{\"@type\":\"PropertyValueSpecification\",\"valueRequired\":true,\"valueName\":\"search_term_string\"}}],\"inLanguage\":\"eu\"}]}<\/script>\n<!-- \/ Yoast SEO plugin. -->","yoast_head_json":{"title":"Egin zaitez bazkide - Hondarribia Futbol Elkartea","robots":{"index":"index","follow":"follow","max-snippet":"max-snippet:-1","max-image-preview":"max-image-preview:large","max-video-preview":"max-video-preview:-1"},"canonical":"https:\/\/www.hondarribiafutbolelkartea.com\/eu\/egin-zaitez-bazkide\/","og_locale":"eu_ES","og_type":"article","og_title":"Egin zaitez bazkide - Hondarribia Futbol Elkartea","og_description":"Egin zaitez bazkideHondarribia Futbol Elkarteko bazkide egin nahi al duzu? Kide izateko bi modu erraz proposatzen ditugu: ONLINE: Orrialde honetako formularioa bete eta bidali PRESENTZIALA: Deskargatu bazkidetza-inskripzio orria eta entregatu gure bulegoetan edozein partidu egunetan edo bota futbol-zelaiaren sarrerako postontzian. Realarekin bidaiatu nahi duzu partida bat ikustera? HFEko kide guztien artean Zubietatik autobusez bidaia, taldearekin [&hellip;]","og_url":"https:\/\/www.hondarribiafutbolelkartea.com\/eu\/egin-zaitez-bazkide\/","og_site_name":"Hondarribia Futbol Elkartea","article_modified_time":"2023-10-10T07:03:02+00:00","og_image":[{"url":"https:\/\/www.hondarribiafutbolelkartea.com\/wp-content\/uploads\/2021\/11\/real-sociedad-150x150.png"}],"twitter_card":"summary_large_image","twitter_misc":{"Est. reading time":"2 minutua"},"schema":{"@context":"https:\/\/schema.org","@graph":[{"@type":"WebPage","@id":"https:\/\/www.hondarribiafutbolelkartea.com\/eu\/egin-zaitez-bazkide\/","url":"https:\/\/www.hondarribiafutbolelkartea.com\/eu\/egin-zaitez-bazkide\/","name":"Egin zaitez bazkide - Hondarribia Futbol Elkartea","isPartOf":{"@id":"https:\/\/www.hondarribiafutbolelkartea.com\/es\/#website"},"primaryImageOfPage":{"@id":"https:\/\/www.hondarribiafutbolelkartea.com\/eu\/egin-zaitez-bazkide\/#primaryimage"},"image":{"@id":"https:\/\/www.hondarribiafutbolelkartea.com\/eu\/egin-zaitez-bazkide\/#primaryimage"},"thumbnailUrl":"https:\/\/www.hondarribiafutbolelkartea.com\/wp-content\/uploads\/2021\/11\/real-sociedad-150x150.png","datePublished":"2021-11-19T13:52:29+00:00","dateModified":"2023-10-10T07:03:02+00:00","breadcrumb":{"@id":"https:\/\/www.hondarribiafutbolelkartea.com\/eu\/egin-zaitez-bazkide\/#breadcrumb"},"inLanguage":"eu","potentialAction":[{"@type":"ReadAction","target":["https:\/\/www.hondarribiafutbolelkartea.com\/eu\/egin-zaitez-bazkide\/"]}]},{"@type":"ImageObject","inLanguage":"eu","@id":"https:\/\/www.hondarribiafutbolelkartea.com\/eu\/egin-zaitez-bazkide\/#primaryimage","url":"https:\/\/www.hondarribiafutbolelkartea.com\/wp-content\/uploads\/2021\/11\/real-sociedad-150x150.png","contentUrl":"https:\/\/www.hondarribiafutbolelkartea.com\/wp-content\/uploads\/2021\/11\/real-sociedad-150x150.png"},{"@type":"BreadcrumbList","@id":"https:\/\/www.hondarribiafutbolelkartea.com\/eu\/egin-zaitez-bazkide\/#breadcrumb","itemListElement":[{"@type":"ListItem","position":1,"name":"Portada","item":"https:\/\/www.hondarribiafutbolelkartea.com\/eu\/"},{"@type":"ListItem","position":2,"name":"Egin zaitez bazkide"}]},{"@type":"WebSite","@id":"https:\/\/www.hondarribiafutbolelkartea.com\/es\/#website","url":"https:\/\/www.hondarribiafutbolelkartea.com\/es\/","name":"Hondarribia Futbol Elkartea","description":"Jolastu futbolera Hondarribian","potentialAction":[{"@type":"SearchAction","target":{"@type":"EntryPoint","urlTemplate":"https:\/\/www.hondarribiafutbolelkartea.com\/es\/?s={search_term_string}"},"query-input":{"@type":"PropertyValueSpecification","valueRequired":true,"valueName":"search_term_string"}}],"inLanguage":"eu"}]}},"_links":{"self":[{"href":"https:\/\/www.hondarribiafutbolelkartea.com\/eu\/wp-json\/wp\/v2\/pages\/1587","targetHints":{"allow":["GET"]}}],"collection":[{"href":"https:\/\/www.hondarribiafutbolelkartea.com\/eu\/wp-json\/wp\/v2\/pages"}],"about":[{"href":"https:\/\/www.hondarribiafutbolelkartea.com\/eu\/wp-json\/wp\/v2\/types\/page"}],"author":[{"embeddable":true,"href":"https:\/\/www.hondarribiafutbolelkartea.com\/eu\/wp-json\/wp\/v2\/users\/1"}],"replies":[{"embeddable":true,"href":"https:\/\/www.hondarribiafutbolelkartea.com\/eu\/wp-json\/wp\/v2\/comments?post=1587"}],"version-history":[{"count":9,"href":"https:\/\/www.hondarribiafutbolelkartea.com\/eu\/wp-json\/wp\/v2\/pages\/1587\/revisions"}],"predecessor-version":[{"id":3231,"href":"https:\/\/www.hondarribiafutbolelkartea.com\/eu\/wp-json\/wp\/v2\/pages\/1587\/revisions\/3231"}],"wp:attachment":[{"href":"https:\/\/www.hondarribiafutbolelkartea.com\/eu\/wp-json\/wp\/v2\/media?parent=1587"}],"curies":[{"name":"wp","href":"https:\/\/api.w.org\/{rel}","templated":true}]}}