{"id":1567,"date":"2021-11-19T13:43:23","date_gmt":"2021-11-19T13:43:23","guid":{"rendered":"https:\/\/www.hondarribiafutbolelkartea.com\/?page_id=1567"},"modified":"2025-08-17T23:42:53","modified_gmt":"2025-08-17T21:42:53","slug":"neguko-eskola","status":"publish","type":"page","link":"https:\/\/www.hondarribiafutbolelkartea.com\/eu\/futbol-eskola\/neguko-eskola\/","title":{"rendered":"Neguko eskola"},"content":{"rendered":"<p>[et_pb_section fb_built=&#8221;1&#8243; admin_label=&#8221;section&#8221; _builder_version=&#8221;4.16&#8243; custom_padding=&#8221;||||false|false&#8221; locked=&#8221;off&#8221; global_colors_info=&#8221;{}&#8221;][et_pb_row admin_label=&#8221;row&#8221; _builder_version=&#8221;4.16&#8243; background_size=&#8221;initial&#8221; background_position=&#8221;top_left&#8221; background_repeat=&#8221;repeat&#8221; global_colors_info=&#8221;{}&#8221;][et_pb_column type=&#8221;4_4&#8243; _builder_version=&#8221;4.16&#8243; custom_padding=&#8221;|||&#8221; global_colors_info=&#8221;{}&#8221; custom_padding__hover=&#8221;|||&#8221;][et_pb_text admin_label=&#8221;Escuela de invierno&#8221; _builder_version=&#8221;4.21.0&#8243; _module_preset=&#8221;default&#8221; global_colors_info=&#8221;{}&#8221;]<\/p>\n<h1><strong>Neguko eskola 2025\/2026<\/strong><\/h1>\n<p>[\/et_pb_text][\/et_pb_column][\/et_pb_row][et_pb_row column_structure=&#8221;1_2,1_2&#8243; _builder_version=&#8221;4.16&#8243; _module_preset=&#8221;default&#8221; background_enable_image=&#8221;off&#8221; global_colors_info=&#8221;{}&#8221;][et_pb_column type=&#8221;1_2&#8243; _builder_version=&#8221;4.16&#8243; _module_preset=&#8221;default&#8221; global_colors_info=&#8221;{}&#8221;][et_pb_image src=&#8221;https:\/\/www.hondarribiafutbolelkartea.com\/wp-content\/uploads\/2021\/11\/escuela-invierno.jpg&#8221; title_text=&#8221;escuela-invierno&#8221; _builder_version=&#8221;4.16&#8243; _module_preset=&#8221;default&#8221; global_colors_info=&#8221;{}&#8221;][\/et_pb_image][et_pb_text admin_label=&#8221;Neguko eskola 2024\/2025&#8243; _builder_version=&#8221;4.21.0&#8243; _module_preset=&#8221;default&#8221; global_colors_info=&#8221;{}&#8221;]<\/p>\n<h2>Neguko eskola 2025\/2026<\/h2>\n<p>[\/et_pb_text][et_pb_text _builder_version=&#8221;4.21.0&#8243; _module_preset=&#8221;default&#8221; global_colors_info=&#8221;{}&#8221;]<\/p>\n<p>25-26 denboraldiaren hasierarekin, Hondarribia Futbol Elkarteak bere Futbol Eskola jarriko du martxan beste urte batez.<\/p>\n<p><strong>Denboraldi honetan, Futbol Eskolako jardueren hasiera ikasturtearen hasierarekin batera izango da. <\/strong><\/p>\n<p>Eskola <strong>2014 eta 2017 urteen artean jaiotako neska-mutilei zuzenduta dago<\/strong>, biak barne; hau da, Lehen Hezkuntzako 3. mailatik 6. mailara bitartekoikasleei.<\/p>\n<p>[\/et_pb_text][et_pb_text _builder_version=&#8221;4.21.0&#8243; _module_preset=&#8221;default&#8221; global_colors_info=&#8221;{}&#8221;]<\/p>\n<p class=\"multikirola\">Hondarribia F.E.-k betetzen du eskola-kirola eta kirol-eskolak arautzen dituen foru-araudia. Araudi horren arabera, Futbol Eskolan apuntatuta dauden haurrek astean behin bakarrik entrenatu ahal izango dute.<\/p>\n<p>[\/et_pb_text][et_pb_text module_class=&#8221;condiciones-escuela&#8221; _builder_version=&#8221;4.21.0&#8243; _module_preset=&#8221;default&#8221; global_colors_info=&#8221;{}&#8221;]<\/p>\n<ul class=\"calendario\">\n<li><strong>Astean behin<\/strong>, 2026\/06\/19ra arte.<\/li>\n<\/ul>\n<ul class=\"lugar\">\n<li><strong>Hondartza Kiroldegiko futbol zelaiak<\/strong><\/li>\n<\/ul>\n<ul class=\"horario\">\n<li><strong>2014an jaiotakoak<\/strong>: ostiraletan, 17:00etatik 18:30era<\/li>\n<li><strong>2015ean jaiotakoak<\/strong>: astelehenetan, 18:30etik 20:00etara<\/li>\n<li><strong>2016an eta 2017an jaiotakoak<\/strong>: egun bat aukeratu behar da asteartean, 18:15etik 19:45etara<br \/>(gehienez 28 jokalari, 2016ko 14 eta 2017ko 14), edo asteazkenean, 18:00etatik 19:30etara.<\/li>\n<li><strong>2014 eta 2015ean jaiotakoak<\/strong> (alebin neskak): asteazkenetan, 15:30etatik 17:00etara<\/li>\n<\/ul>\n<ul class=\"precio\">\n<li><strong>Urteko izen-emate kuota<\/strong>: 190\u20ac.<\/li>\n<li>Izen-ematearen zenbatekoan ekipazio bat eta motxila bat sartzen dira.<\/li>\n<\/ul>\n<p>[\/et_pb_text][et_pb_text _builder_version=&#8221;4.21.0&#8243; _module_preset=&#8221;default&#8221; global_colors_info=&#8221;{}&#8221;]<\/p>\n<p class=\"note\">Edozein egoera edo kontsulta berezirako bidali mezu elektroniko bat helbide honetara <a href=\"mailto:eskola@hondarribiafutbolelkartea.com\">eskola@hondarribiafutbolelkartea.com<\/a><\/p>\n<p>[\/et_pb_text][\/et_pb_column][et_pb_column type=&#8221;1_2&#8243; _builder_version=&#8221;4.16&#8243; _module_preset=&#8221;default&#8221; global_colors_info=&#8221;{}&#8221;][et_pb_text disabled_on=&#8221;on|on|on&#8221; _builder_version=&#8221;4.21.0&#8243; _module_preset=&#8221;default&#8221; disabled=&#8221;on&#8221; global_colors_info=&#8221;{}&#8221;]<\/p>\n<p style=\"background: red; color: #fff; padding: 5px 10px; text-align: center; display: block;\">Izen-ematea orrialde honetan soilik egingo da ostirala abuztuak 30etik aurrera<\/p>\n<p>[\/et_pb_text][et_pb_code disabled_on=&#8221;off|off|off&#8221; _builder_version=&#8221;4.21.0&#8243; _module_preset=&#8221;default&#8221; hover_enabled=&#8221;0&#8243; global_colors_info=&#8221;{}&#8221; sticky_enabled=&#8221;0&#8243;][\/et_pb_code][\/et_pb_column][\/et_pb_row][\/et_pb_section]<\/p>\n","protected":false},"excerpt":{"rendered":"<p>Neguko eskola 2025\/2026Neguko eskola 2025\/202625-26 denboraldiaren hasierarekin, Hondarribia Futbol Elkarteak bere Futbol Eskola jarriko du martxan beste urte batez. Denboraldi honetan, Futbol Eskolako jardueren hasiera ikasturtearen hasierarekin batera izango da. Eskola 2014 eta 2017 urteen artean jaiotako neska-mutilei zuzenduta dago, biak barne; hau da, Lehen Hezkuntzako 3. mailatik 6. mailara bitartekoikasleei.Hondarribia F.E.-k betetzen du eskola-kirola [&hellip;]<\/p>\n","protected":false},"author":1,"featured_media":0,"parent":1566,"menu_order":0,"comment_status":"closed","ping_status":"closed","template":"","meta":{"_et_pb_use_builder":"on","_et_pb_old_content":"<p>[et_pb_section fb_built=\"1\" admin_label=\"section\" _builder_version=\"4.9.10\" custom_padding=\"||||false|false\" locked=\"off\" global_colors_info=\"{}\"][et_pb_row admin_label=\"row\" _builder_version=\"3.25\" background_size=\"initial\" background_position=\"top_left\" background_repeat=\"repeat\" global_colors_info=\"{}\"][et_pb_column type=\"4_4\" _builder_version=\"3.25\" custom_padding=\"|||\" global_colors_info=\"{}\" custom_padding__hover=\"|||\"][et_pb_text admin_label=\"Escuela de invierno\" _builder_version=\"4.9.10\" _module_preset=\"default\" global_colors_info=\"{}\"]<\/p><h1><strong>Escuela de invierno<\/strong><\/h1><p>[\/et_pb_text][\/et_pb_column][\/et_pb_row][et_pb_row column_structure=\"1_2,1_2\" _builder_version=\"4.9.10\" _module_preset=\"default\" background_enable_image=\"off\" global_colors_info=\"{}\"][et_pb_column type=\"1_2\" _builder_version=\"4.9.10\" _module_preset=\"default\" global_colors_info=\"{}\"][et_pb_text _builder_version=\"4.13.1\" _module_preset=\"default\" global_colors_info=\"{}\"]<\/p><ul class=\"green-bullet\"><li>Est\u00e1 destinada a ni\u00f1os\/as en edades que corresponden a las categor\u00edas benjam\u00edn y alev\u00edn (9, 10, 11 y 12 a\u00f1os)<\/li><li>Se desarrolla desde el mes de octubre hasta la primera semana de junio del a\u00f1o siguiente<\/li><\/ul><p class=\"multikirola\">Hondarribia F.E. cumple estrictamente la normativa de la ley del deporte que ampara las escuelas deportivas. Seg\u00fan esta normativa los ni\u00f1os que asistan a la escuela de f\u00fatbol s\u00f3lo podr\u00e1n entrenar un d\u00eda a la semana.<\/p><p>[\/et_pb_text][\/et_pb_column][et_pb_column type=\"1_2\" _builder_version=\"4.9.10\" _module_preset=\"default\" global_colors_info=\"{}\"][et_pb_image src=\"https:\/\/www.hondarribiafutbolelkartea.com\/wp-content\/uploads\/2021\/11\/escuela-invierno.jpg\" title_text=\"escuela-invierno\" _builder_version=\"4.13.1\" _module_preset=\"default\" hover_enabled=\"0\" global_colors_info=\"{}\" sticky_enabled=\"0\"][\/et_pb_image][\/et_pb_column][\/et_pb_row][\/et_pb_section][et_pb_section fb_built=\"1\" _builder_version=\"4.9.10\" _module_preset=\"default\" background_color=\"#f4f4f4\" custom_padding=\"||||false|false\" global_colors_info=\"{}\"][et_pb_row column_structure=\"1_3,2_3\" module_class=\"escuela-invierno-marcha\" _builder_version=\"4.13.1\" _module_preset=\"default\" custom_padding=\"15px||0px||false|false\" global_colors_info=\"{}\"][et_pb_column type=\"1_3\" _builder_version=\"4.9.10\" _module_preset=\"default\" global_colors_info=\"{}\"][et_pb_text admin_label=\"Escuela de futbol de invierno 2021\/2022\" _builder_version=\"4.13.1\" _module_preset=\"default\" global_colors_info=\"{}\"]<\/p><h2>Escuela de invierno<br \/>2021\/2022<\/h2><p>[\/et_pb_text][et_pb_text _builder_version=\"4.9.10\" _module_preset=\"default\" global_colors_info=\"{}\"]<\/p><p>Hondarribia Futbol Elkartea ha puesto en marcha su Escuela de F\u00fatbol 2021\/2022 a partir del 1 de octubre. La Escuela est\u00e1 dirigida a chicos\/as nacidos\/as entre el <strong>a\u00f1o 2010 y el a\u00f1o 2013, ambos incluidos<\/strong>.<\/p><p>Seg\u00fan la normativa que regula el Deporte Escolar, los y las integrantes de la Escuela de F\u00fatbol deben estar previamente inscritos\/as en \"Multikirola\" si en su centro escolar se oferta.<\/p><p>[\/et_pb_text][\/et_pb_column][et_pb_column type=\"2_3\" _builder_version=\"4.9.10\" _module_preset=\"default\" global_colors_info=\"{}\"][et_pb_text _builder_version=\"4.13.1\" _module_preset=\"default\" global_colors_info=\"{}\"]<\/p><ul class=\"condiciones-escuela\"><li class=\"calendario\"><strong>1 d\u00eda a la semana hasta el 17\/06\/2022<\/strong><\/li><li class=\"lugar\"><strong>Campos de f\u00fatbol de Hondartza Kiroldegia<\/strong><\/li><li class=\"horario\"><ul><li><strong>Nacidos en 2010<\/strong>: viernes, de 17:00 a 18:30<\/li><li><strong>Nacidos en 2011<\/strong>: lunes, de 18:30 a 20:00<\/li><li><strong>Nacidos\/as en 2012 y 2013<\/strong>: martes, de 18:15 a 19:45 (m\u00e1ximo 28 jugadores\/as), o mi\u00e9rcoles, de 18:00 a 19:30 (hay que elegir un d\u00eda)<\/li><li><strong>Nacidas en 2010, 2011 y 2012 (alev\u00edn femenino)<\/strong>: mi\u00e9rcoles, de 15:30 a 17:00<\/li><\/ul><\/li><li class=\"precio\"><ul><li><strong>Nuevos jugadores<\/strong>: 150\u20ac.<\/li><li><strong>Apuntados en la temporada 2020\/2021<\/strong>: 100\u20ac<\/li><li>La inscripci\u00f3n incluye una equipaci\u00f3n.<\/li><\/ul><\/li><\/ul><p>[\/et_pb_text][\/et_pb_column][\/et_pb_row][\/et_pb_section]<\/p>","_et_gb_content_width":"","inline_featured_image":false,"footnotes":""},"class_list":["post-1567","page","type-page","status-publish","hentry"],"yoast_head":"<!-- This site is optimized with the Yoast SEO plugin v27.5 - https:\/\/yoast.com\/product\/yoast-seo-wordpress\/ -->\n<title>Neguko eskola - Hondarribia Futbol Elkartea<\/title>\n<meta name=\"robots\" content=\"index, follow, max-snippet:-1, max-image-preview:large, max-video-preview:-1\" \/>\n<link rel=\"canonical\" href=\"https:\/\/www.hondarribiafutbolelkartea.com\/eu\/futbol-eskola\/neguko-eskola\/\" \/>\n<meta property=\"og:locale\" content=\"eu_ES\" \/>\n<meta property=\"og:type\" content=\"article\" \/>\n<meta property=\"og:title\" content=\"Neguko eskola - Hondarribia Futbol Elkartea\" \/>\n<meta property=\"og:description\" content=\"Neguko eskola 2025\/2026Neguko eskola 2025\/202625-26 denboraldiaren hasierarekin, Hondarribia Futbol Elkarteak bere Futbol Eskola jarriko du martxan beste urte batez. Denboraldi honetan, Futbol Eskolako jardueren hasiera ikasturtearen hasierarekin batera izango da. Eskola 2014 eta 2017 urteen artean jaiotako neska-mutilei zuzenduta dago, biak barne; hau da, Lehen Hezkuntzako 3. mailatik 6. mailara bitartekoikasleei.Hondarribia F.E.-k betetzen du eskola-kirola [&hellip;]\" \/>\n<meta property=\"og:url\" content=\"https:\/\/www.hondarribiafutbolelkartea.com\/eu\/futbol-eskola\/neguko-eskola\/\" \/>\n<meta property=\"og:site_name\" content=\"Hondarribia Futbol Elkartea\" \/>\n<meta property=\"article:modified_time\" content=\"2025-08-17T21:42:53+00:00\" \/>\n<meta name=\"twitter:card\" content=\"summary_large_image\" \/>\n<meta name=\"twitter:label1\" content=\"Est. reading time\" \/>\n\t<meta name=\"twitter:data1\" content=\"1 minutua\" \/>\n<script type=\"application\/ld+json\" class=\"yoast-schema-graph\">{\"@context\":\"https:\\\/\\\/schema.org\",\"@graph\":[{\"@type\":\"WebPage\",\"@id\":\"https:\\\/\\\/www.hondarribiafutbolelkartea.com\\\/eu\\\/futbol-eskola\\\/neguko-eskola\\\/\",\"url\":\"https:\\\/\\\/www.hondarribiafutbolelkartea.com\\\/eu\\\/futbol-eskola\\\/neguko-eskola\\\/\",\"name\":\"Neguko eskola - Hondarribia Futbol Elkartea\",\"isPartOf\":{\"@id\":\"https:\\\/\\\/www.hondarribiafutbolelkartea.com\\\/es\\\/#website\"},\"datePublished\":\"2021-11-19T13:43:23+00:00\",\"dateModified\":\"2025-08-17T21:42:53+00:00\",\"breadcrumb\":{\"@id\":\"https:\\\/\\\/www.hondarribiafutbolelkartea.com\\\/eu\\\/futbol-eskola\\\/neguko-eskola\\\/#breadcrumb\"},\"inLanguage\":\"eu\",\"potentialAction\":[{\"@type\":\"ReadAction\",\"target\":[\"https:\\\/\\\/www.hondarribiafutbolelkartea.com\\\/eu\\\/futbol-eskola\\\/neguko-eskola\\\/\"]}]},{\"@type\":\"BreadcrumbList\",\"@id\":\"https:\\\/\\\/www.hondarribiafutbolelkartea.com\\\/eu\\\/futbol-eskola\\\/neguko-eskola\\\/#breadcrumb\",\"itemListElement\":[{\"@type\":\"ListItem\",\"position\":1,\"name\":\"Portada\",\"item\":\"https:\\\/\\\/www.hondarribiafutbolelkartea.com\\\/eu\\\/\"},{\"@type\":\"ListItem\",\"position\":2,\"name\":\"Futbol eskola\",\"item\":\"https:\\\/\\\/www.hondarribiafutbolelkartea.com\\\/es\\\/escuela-de-futbol\\\/\"},{\"@type\":\"ListItem\",\"position\":3,\"name\":\"Neguko eskola\"}]},{\"@type\":\"WebSite\",\"@id\":\"https:\\\/\\\/www.hondarribiafutbolelkartea.com\\\/es\\\/#website\",\"url\":\"https:\\\/\\\/www.hondarribiafutbolelkartea.com\\\/es\\\/\",\"name\":\"Hondarribia Futbol Elkartea\",\"description\":\"Jolastu futbolera Hondarribian\",\"potentialAction\":[{\"@type\":\"SearchAction\",\"target\":{\"@type\":\"EntryPoint\",\"urlTemplate\":\"https:\\\/\\\/www.hondarribiafutbolelkartea.com\\\/es\\\/?s={search_term_string}\"},\"query-input\":{\"@type\":\"PropertyValueSpecification\",\"valueRequired\":true,\"valueName\":\"search_term_string\"}}],\"inLanguage\":\"eu\"}]}<\/script>\n<!-- \/ Yoast SEO plugin. -->","yoast_head_json":{"title":"Neguko eskola - Hondarribia Futbol Elkartea","robots":{"index":"index","follow":"follow","max-snippet":"max-snippet:-1","max-image-preview":"max-image-preview:large","max-video-preview":"max-video-preview:-1"},"canonical":"https:\/\/www.hondarribiafutbolelkartea.com\/eu\/futbol-eskola\/neguko-eskola\/","og_locale":"eu_ES","og_type":"article","og_title":"Neguko eskola - Hondarribia Futbol Elkartea","og_description":"Neguko eskola 2025\/2026Neguko eskola 2025\/202625-26 denboraldiaren hasierarekin, Hondarribia Futbol Elkarteak bere Futbol Eskola jarriko du martxan beste urte batez. Denboraldi honetan, Futbol Eskolako jardueren hasiera ikasturtearen hasierarekin batera izango da. Eskola 2014 eta 2017 urteen artean jaiotako neska-mutilei zuzenduta dago, biak barne; hau da, Lehen Hezkuntzako 3. mailatik 6. mailara bitartekoikasleei.Hondarribia F.E.-k betetzen du eskola-kirola [&hellip;]","og_url":"https:\/\/www.hondarribiafutbolelkartea.com\/eu\/futbol-eskola\/neguko-eskola\/","og_site_name":"Hondarribia Futbol Elkartea","article_modified_time":"2025-08-17T21:42:53+00:00","twitter_card":"summary_large_image","twitter_misc":{"Est. reading time":"1 minutua"},"schema":{"@context":"https:\/\/schema.org","@graph":[{"@type":"WebPage","@id":"https:\/\/www.hondarribiafutbolelkartea.com\/eu\/futbol-eskola\/neguko-eskola\/","url":"https:\/\/www.hondarribiafutbolelkartea.com\/eu\/futbol-eskola\/neguko-eskola\/","name":"Neguko eskola - Hondarribia Futbol Elkartea","isPartOf":{"@id":"https:\/\/www.hondarribiafutbolelkartea.com\/es\/#website"},"datePublished":"2021-11-19T13:43:23+00:00","dateModified":"2025-08-17T21:42:53+00:00","breadcrumb":{"@id":"https:\/\/www.hondarribiafutbolelkartea.com\/eu\/futbol-eskola\/neguko-eskola\/#breadcrumb"},"inLanguage":"eu","potentialAction":[{"@type":"ReadAction","target":["https:\/\/www.hondarribiafutbolelkartea.com\/eu\/futbol-eskola\/neguko-eskola\/"]}]},{"@type":"BreadcrumbList","@id":"https:\/\/www.hondarribiafutbolelkartea.com\/eu\/futbol-eskola\/neguko-eskola\/#breadcrumb","itemListElement":[{"@type":"ListItem","position":1,"name":"Portada","item":"https:\/\/www.hondarribiafutbolelkartea.com\/eu\/"},{"@type":"ListItem","position":2,"name":"Futbol eskola","item":"https:\/\/www.hondarribiafutbolelkartea.com\/es\/escuela-de-futbol\/"},{"@type":"ListItem","position":3,"name":"Neguko eskola"}]},{"@type":"WebSite","@id":"https:\/\/www.hondarribiafutbolelkartea.com\/es\/#website","url":"https:\/\/www.hondarribiafutbolelkartea.com\/es\/","name":"Hondarribia Futbol Elkartea","description":"Jolastu futbolera Hondarribian","potentialAction":[{"@type":"SearchAction","target":{"@type":"EntryPoint","urlTemplate":"https:\/\/www.hondarribiafutbolelkartea.com\/es\/?s={search_term_string}"},"query-input":{"@type":"PropertyValueSpecification","valueRequired":true,"valueName":"search_term_string"}}],"inLanguage":"eu"}]}},"_links":{"self":[{"href":"https:\/\/www.hondarribiafutbolelkartea.com\/eu\/wp-json\/wp\/v2\/pages\/1567","targetHints":{"allow":["GET"]}}],"collection":[{"href":"https:\/\/www.hondarribiafutbolelkartea.com\/eu\/wp-json\/wp\/v2\/pages"}],"about":[{"href":"https:\/\/www.hondarribiafutbolelkartea.com\/eu\/wp-json\/wp\/v2\/types\/page"}],"author":[{"embeddable":true,"href":"https:\/\/www.hondarribiafutbolelkartea.com\/eu\/wp-json\/wp\/v2\/users\/1"}],"replies":[{"embeddable":true,"href":"https:\/\/www.hondarribiafutbolelkartea.com\/eu\/wp-json\/wp\/v2\/comments?post=1567"}],"version-history":[{"count":24,"href":"https:\/\/www.hondarribiafutbolelkartea.com\/eu\/wp-json\/wp\/v2\/pages\/1567\/revisions"}],"predecessor-version":[{"id":3750,"href":"https:\/\/www.hondarribiafutbolelkartea.com\/eu\/wp-json\/wp\/v2\/pages\/1567\/revisions\/3750"}],"up":[{"embeddable":true,"href":"https:\/\/www.hondarribiafutbolelkartea.com\/eu\/wp-json\/wp\/v2\/pages\/1566"}],"wp:attachment":[{"href":"https:\/\/www.hondarribiafutbolelkartea.com\/eu\/wp-json\/wp\/v2\/media?parent=1567"}],"curies":[{"name":"wp","href":"https:\/\/api.w.org\/{rel}","templated":true}]}}