{"id":1566,"date":"2021-11-19T13:28:10","date_gmt":"2021-11-19T13:28:10","guid":{"rendered":"https:\/\/www.hondarribiafutbolelkartea.com\/?page_id=1566"},"modified":"2022-10-17T18:07:39","modified_gmt":"2022-10-17T16:07:39","slug":"futbol-eskola","status":"publish","type":"page","link":"https:\/\/www.hondarribiafutbolelkartea.com\/eu\/futbol-eskola\/","title":{"rendered":"Futbol eskola"},"content":{"rendered":"<p>[et_pb_section fb_built=&#8221;1&#8243; admin_label=&#8221;section&#8221; _builder_version=&#8221;4.9.10&#8243; custom_padding=&#8221;||0px||false|false&#8221; global_colors_info=&#8221;{}&#8221;][et_pb_row admin_label=&#8221;row&#8221; _builder_version=&#8221;3.25&#8243; background_size=&#8221;initial&#8221; background_position=&#8221;top_left&#8221; background_repeat=&#8221;repeat&#8221; global_colors_info=&#8221;{}&#8221;][et_pb_column type=&#8221;4_4&#8243; _builder_version=&#8221;3.25&#8243; custom_padding=&#8221;|||&#8221; global_colors_info=&#8221;{}&#8221; custom_padding__hover=&#8221;|||&#8221;][et_pb_text admin_label=&#8221;ESCUELA DE F\u00daBOL&#8221; _builder_version=&#8221;4.13.1&#8243; _module_preset=&#8221;default&#8221; global_colors_info=&#8221;{}&#8221;]<\/p>\n<h1><strong>FUTBOL ESKOLA<\/strong><\/h1>\n<p>[\/et_pb_text][\/et_pb_column][\/et_pb_row][et_pb_row _builder_version=&#8221;4.13.1&#8243; _module_preset=&#8221;default&#8221; background_image=&#8221;https:\/\/www.hondarribiafutbolelkartea.com\/wp-content\/uploads\/2021\/11\/escuela.jpg&#8221; parallax=&#8221;on&#8221; width=&#8221;100%&#8221; max_width=&#8221;100%&#8221; min_height=&#8221;500px&#8221; global_colors_info=&#8221;{}&#8221;][et_pb_column type=&#8221;4_4&#8243; _builder_version=&#8221;4.9.10&#8243; _module_preset=&#8221;default&#8221; global_colors_info=&#8221;{}&#8221;][\/et_pb_column][\/et_pb_row][\/et_pb_section][et_pb_section fb_built=&#8221;1&#8243; _builder_version=&#8221;4.9.10&#8243; _module_preset=&#8221;default&#8221; background_color=&#8221;#f4f4f4&#8243; custom_padding=&#8221;100px||90px||false|false&#8221; locked=&#8221;off&#8221; global_colors_info=&#8221;{}&#8221;][et_pb_row module_class=&#8221;cita&#8221; _builder_version=&#8221;4.9.10&#8243; _module_preset=&#8221;default&#8221; global_colors_info=&#8221;{}&#8221;][et_pb_column type=&#8221;4_4&#8243; _builder_version=&#8221;4.9.10&#8243; _module_preset=&#8221;default&#8221; global_colors_info=&#8221;{}&#8221;][et_pb_text _builder_version=&#8221;4.13.1&#8243; _module_preset=&#8221;default&#8221; hover_enabled=&#8221;0&#8243; global_colors_info=&#8221;{}&#8221; sticky_enabled=&#8221;0&#8243;]<\/p>\n<p>Futbol eskolaren helburua haurrei kirolaren balio ludiko eta sozialak transmititzea eta futbolaren alde tekniko eta fisikoak ezagutaraztea da.<\/p>\n<p><strong>Javi Larreta<\/strong><br \/>\nFutbol eskolako arduraduna[\/et_pb_text][\/et_pb_column][\/et_pb_row][\/et_pb_section][et_pb_section fb_built=&#8221;1&#8243; _builder_version=&#8221;4.9.10&#8243; _module_preset=&#8221;default&#8221; global_colors_info=&#8221;{}&#8221;][et_pb_row column_structure=&#8221;1_2,1_2&#8243; make_equal=&#8221;on&#8221; module_class=&#8221;escuela&#8221; _builder_version=&#8221;4.9.10&#8243; _module_preset=&#8221;default&#8221; global_colors_info=&#8221;{}&#8221;][et_pb_column type=&#8221;1_2&#8243; _builder_version=&#8221;4.9.10&#8243; _module_preset=&#8221;default&#8221; global_colors_info=&#8221;{}&#8221;][et_pb_blurb title=&#8221;Neguko eskola&#8221; image=&#8221;https:\/\/www.hondarribiafutbolelkartea.com\/wp-content\/uploads\/2021\/11\/escuela-invierno.jpg&#8221; admin_label=&#8221;Escuela de invierno&#8221; _builder_version=&#8221;4.13.1&#8243; _module_preset=&#8221;default&#8221; global_colors_info=&#8221;{}&#8221;]<\/p>\n<ul class=\"green-bullet\">\n<li>Alebin eta benjamink kategoriei dagozkien adinetako haurrentzat zuzenduta dago (9, 10, 11 eta 12 urte).<\/li>\n<li>Urriatik hurrengo urteko ekaineko lehen astera arte egiten da<\/li>\n<\/ul>\n<p><a class=\"et_pb_button\" href=\"https:\/\/www.hondarribiafutbolelkartea.com\/eu\/futbol-eskola\/neguko-eskola\/\">Informazio gehiago<\/a>[\/et_pb_blurb][\/et_pb_column][et_pb_column type=&#8221;1_2&#8243; _builder_version=&#8221;4.9.10&#8243; _module_preset=&#8221;default&#8221; global_colors_info=&#8221;{}&#8221;][et_pb_blurb title=&#8221;Udako eskola&#8221; image=&#8221;https:\/\/www.hondarribiafutbolelkartea.com\/wp-content\/uploads\/2021\/11\/udako-eskola.jpg&#8221; admin_label=&#8221;Escuela de verano&#8221; _builder_version=&#8221;4.13.1&#8243; _module_preset=&#8221;default&#8221; global_colors_info=&#8221;{}&#8221;]<\/p>\n<ul class=\"green-bullet\">\n<li>6 eta 14 urte bitarteko haurrei zuzenduta dago<\/li>\n<li>Uztailean zehar bi asteko bi txandatan egiten da<\/li>\n<\/ul>\n<p><a class=\"et_pb_button\" href=\"https:\/\/www.hondarribiafutbolelkartea.com\/eu\/futbol-eskola\/udako-eskola\/\">Informazio gehiago<\/a>[\/et_pb_blurb][\/et_pb_column][\/et_pb_row][\/et_pb_section]<\/p>\n","protected":false},"excerpt":{"rendered":"<p>FUTBOL ESKOLAFutbol eskolaren helburua haurrei kirolaren balio ludiko eta sozialak transmititzea eta futbolaren alde tekniko eta fisikoak ezagutaraztea da. Javi Larreta Futbol eskolako arduraduna Alebin eta benjamink kategoriei dagozkien adinetako haurrentzat zuzenduta dago (9, 10, 11 eta 12 urte). Urriatik hurrengo urteko ekaineko lehen astera arte egiten da Informazio gehiago 6 eta 14 urte bitarteko [&hellip;]<\/p>\n","protected":false},"author":1,"featured_media":0,"parent":0,"menu_order":8,"comment_status":"closed","ping_status":"closed","template":"","meta":{"_et_pb_use_builder":"on","_et_pb_old_content":"<p>[et_pb_section fb_built=\"1\" admin_label=\"section\" _builder_version=\"4.9.10\" custom_padding=\"||0px||false|false\" global_colors_info=\"{}\"][et_pb_row admin_label=\"row\" _builder_version=\"3.25\" background_size=\"initial\" background_position=\"top_left\" background_repeat=\"repeat\" global_colors_info=\"{}\"][et_pb_column type=\"4_4\" _builder_version=\"3.25\" custom_padding=\"|||\" global_colors_info=\"{}\" custom_padding__hover=\"|||\"][et_pb_text admin_label=\"ESCUELA DE F\u00daBOL\" _builder_version=\"4.9.10\" _module_preset=\"default\" global_colors_info=\"{}\"]<\/p><h1><strong>ESCUELA DE F\u00daBOL<\/strong><\/h1><p>[\/et_pb_text][\/et_pb_column][\/et_pb_row][et_pb_row _builder_version=\"4.13.1\" _module_preset=\"default\" background_image=\"https:\/\/www.hondarribiafutbolelkartea.com\/wp-content\/uploads\/2021\/11\/escuela.jpg\" parallax=\"on\" width=\"100%\" max_width=\"100%\" min_height=\"500px\" global_colors_info=\"{}\"][et_pb_column type=\"4_4\" _builder_version=\"4.9.10\" _module_preset=\"default\" global_colors_info=\"{}\"][\/et_pb_column][\/et_pb_row][\/et_pb_section][et_pb_section fb_built=\"1\" _builder_version=\"4.9.10\" _module_preset=\"default\" background_color=\"#f4f4f4\" custom_padding=\"100px||90px||false|false\" locked=\"off\" global_colors_info=\"{}\"][et_pb_row module_class=\"cita\" _builder_version=\"4.9.10\" _module_preset=\"default\" global_colors_info=\"{}\"][et_pb_column type=\"4_4\" _builder_version=\"4.9.10\" _module_preset=\"default\" global_colors_info=\"{}\"][et_pb_text _builder_version=\"4.9.10\" _module_preset=\"default\" global_colors_info=\"{}\"]<\/p><p>El objetivo de la escuela de futbol es transmitir a los ni\u00f1os los valores l\u00fadicos y sociales del deporte e iniciarles en los aspectos t\u00e9cnicos y f\u00edsicos del f\u00fatbol.<\/p><p><strong>Javi Larreta<\/strong><br \/>Responsable de la escuela de f\u00fatbol<\/p><p>[\/et_pb_text][\/et_pb_column][\/et_pb_row][\/et_pb_section][et_pb_section fb_built=\"1\" _builder_version=\"4.9.10\" _module_preset=\"default\" global_colors_info=\"{}\"][et_pb_row column_structure=\"1_2,1_2\" make_equal=\"on\" module_class=\"escuela\" _builder_version=\"4.9.10\" _module_preset=\"default\" global_colors_info=\"{}\"][et_pb_column type=\"1_2\" _builder_version=\"4.9.10\" _module_preset=\"default\" global_colors_info=\"{}\"][et_pb_blurb title=\"Escuela de invierno\" image=\"https:\/\/www.hondarribiafutbolelkartea.com\/wp-content\/uploads\/2021\/11\/escuela-invierno.jpg\" admin_label=\"Escuela de invierno\" _builder_version=\"4.13.1\" _module_preset=\"default\" hover_enabled=\"0\" global_colors_info=\"{}\" title_text=\"escuela-invierno\" sticky_enabled=\"0\"]<\/p><ul class=\"green-bullet\"><li>Est\u00e1 destinada a ni\u00f1os\/as en edades que corresponden a las categor\u00edas benjam\u00edn y alev\u00edn (9, 10, 11 y 12 a\u00f1os)<\/li><li>Se desarrolla desde el mes de octubre hasta la primera semana de junio del a\u00f1o siguiente<\/li><\/ul><p><a class=\"et_pb_button\" href=\"https:\/\/www.hondarribiafutbolelkartea.com\/es\/escuela-de-fubol\/escuela-de-invierno\/\">M\u00e1s informaci\u00f3n<\/a><\/p><p>[\/et_pb_blurb][\/et_pb_column][et_pb_column type=\"1_2\" _builder_version=\"4.9.10\" _module_preset=\"default\" global_colors_info=\"{}\"][et_pb_blurb title=\"Escuela de verano\" image=\"https:\/\/www.hondarribiafutbolelkartea.com\/wp-content\/uploads\/2021\/11\/udako-eskola.jpg\" admin_label=\"Escuela de verano\" _builder_version=\"4.13.1\" _module_preset=\"default\" global_colors_info=\"{}\"]<\/p><ul class=\"green-bullet\"><li>Est\u00e1 destinada a ni\u00f1os\/as en edades comprendidas entre los 6 y los 14 a\u00f1os<\/li><li>Se desarrolla en dos turnos de dos semanas durante todo el mes de julio<\/li><\/ul><p><a class=\"et_pb_button\" href=\"https:\/\/www.hondarribiafutbolelkartea.com\/es\/escuela-de-fubol\/escuela-de-verano\/\">M\u00e1s informaci\u00f3n<\/a><\/p><p>[\/et_pb_blurb][\/et_pb_column][\/et_pb_row][\/et_pb_section]<\/p>","_et_gb_content_width":"","inline_featured_image":false,"footnotes":""},"class_list":["post-1566","page","type-page","status-publish","hentry"],"yoast_head":"<!-- This site is optimized with the Yoast SEO plugin v23.9 - https:\/\/yoast.com\/wordpress\/plugins\/seo\/ -->\n<title>Futbol eskola - Hondarribia Futbol Elkartea<\/title>\n<meta name=\"robots\" content=\"index, follow, max-snippet:-1, max-image-preview:large, max-video-preview:-1\" \/>\n<link rel=\"canonical\" href=\"https:\/\/www.hondarribiafutbolelkartea.com\/es\/escuela-de-futbol\/\" \/>\n<meta property=\"og:locale\" content=\"eu_ES\" \/>\n<meta property=\"og:type\" content=\"article\" \/>\n<meta property=\"og:title\" content=\"Futbol eskola - Hondarribia Futbol Elkartea\" \/>\n<meta property=\"og:description\" content=\"FUTBOL ESKOLAFutbol eskolaren helburua haurrei kirolaren balio ludiko eta sozialak transmititzea eta futbolaren alde tekniko eta fisikoak ezagutaraztea da. Javi Larreta Futbol eskolako arduraduna Alebin eta benjamink kategoriei dagozkien adinetako haurrentzat zuzenduta dago (9, 10, 11 eta 12 urte). Urriatik hurrengo urteko ekaineko lehen astera arte egiten da Informazio gehiago 6 eta 14 urte bitarteko [&hellip;]\" \/>\n<meta property=\"og:url\" content=\"https:\/\/www.hondarribiafutbolelkartea.com\/es\/escuela-de-futbol\/\" \/>\n<meta property=\"og:site_name\" content=\"Hondarribia Futbol Elkartea\" \/>\n<meta property=\"article:modified_time\" content=\"2022-10-17T16:07:39+00:00\" \/>\n<meta name=\"twitter:card\" content=\"summary_large_image\" \/>\n<meta name=\"twitter:label1\" content=\"Est. reading time\" \/>\n\t<meta name=\"twitter:data1\" content=\"2 minutua\" \/>\n<script type=\"application\/ld+json\" class=\"yoast-schema-graph\">{\"@context\":\"https:\/\/schema.org\",\"@graph\":[{\"@type\":\"WebPage\",\"@id\":\"https:\/\/www.hondarribiafutbolelkartea.com\/es\/escuela-de-futbol\/\",\"url\":\"https:\/\/www.hondarribiafutbolelkartea.com\/es\/escuela-de-futbol\/\",\"name\":\"Futbol eskola - Hondarribia Futbol Elkartea\",\"isPartOf\":{\"@id\":\"https:\/\/www.hondarribiafutbolelkartea.com\/es\/#website\"},\"datePublished\":\"2021-11-19T13:28:10+00:00\",\"dateModified\":\"2022-10-17T16:07:39+00:00\",\"breadcrumb\":{\"@id\":\"https:\/\/www.hondarribiafutbolelkartea.com\/es\/escuela-de-futbol\/#breadcrumb\"},\"inLanguage\":\"eu\",\"potentialAction\":[{\"@type\":\"ReadAction\",\"target\":[\"https:\/\/www.hondarribiafutbolelkartea.com\/es\/escuela-de-futbol\/\"]}]},{\"@type\":\"BreadcrumbList\",\"@id\":\"https:\/\/www.hondarribiafutbolelkartea.com\/es\/escuela-de-futbol\/#breadcrumb\",\"itemListElement\":[{\"@type\":\"ListItem\",\"position\":1,\"name\":\"Portada\",\"item\":\"https:\/\/www.hondarribiafutbolelkartea.com\/eu\/\"},{\"@type\":\"ListItem\",\"position\":2,\"name\":\"Futbol eskola\"}]},{\"@type\":\"WebSite\",\"@id\":\"https:\/\/www.hondarribiafutbolelkartea.com\/es\/#website\",\"url\":\"https:\/\/www.hondarribiafutbolelkartea.com\/es\/\",\"name\":\"Hondarribia Futbol Elkartea\",\"description\":\"Jolastu futbolera Hondarribian\",\"potentialAction\":[{\"@type\":\"SearchAction\",\"target\":{\"@type\":\"EntryPoint\",\"urlTemplate\":\"https:\/\/www.hondarribiafutbolelkartea.com\/es\/?s={search_term_string}\"},\"query-input\":{\"@type\":\"PropertyValueSpecification\",\"valueRequired\":true,\"valueName\":\"search_term_string\"}}],\"inLanguage\":\"eu\"}]}<\/script>\n<!-- \/ Yoast SEO plugin. -->","yoast_head_json":{"title":"Futbol eskola - Hondarribia Futbol Elkartea","robots":{"index":"index","follow":"follow","max-snippet":"max-snippet:-1","max-image-preview":"max-image-preview:large","max-video-preview":"max-video-preview:-1"},"canonical":"https:\/\/www.hondarribiafutbolelkartea.com\/es\/escuela-de-futbol\/","og_locale":"eu_ES","og_type":"article","og_title":"Futbol eskola - Hondarribia Futbol Elkartea","og_description":"FUTBOL ESKOLAFutbol eskolaren helburua haurrei kirolaren balio ludiko eta sozialak transmititzea eta futbolaren alde tekniko eta fisikoak ezagutaraztea da. Javi Larreta Futbol eskolako arduraduna Alebin eta benjamink kategoriei dagozkien adinetako haurrentzat zuzenduta dago (9, 10, 11 eta 12 urte). Urriatik hurrengo urteko ekaineko lehen astera arte egiten da Informazio gehiago 6 eta 14 urte bitarteko [&hellip;]","og_url":"https:\/\/www.hondarribiafutbolelkartea.com\/es\/escuela-de-futbol\/","og_site_name":"Hondarribia Futbol Elkartea","article_modified_time":"2022-10-17T16:07:39+00:00","twitter_card":"summary_large_image","twitter_misc":{"Est. reading time":"2 minutua"},"schema":{"@context":"https:\/\/schema.org","@graph":[{"@type":"WebPage","@id":"https:\/\/www.hondarribiafutbolelkartea.com\/es\/escuela-de-futbol\/","url":"https:\/\/www.hondarribiafutbolelkartea.com\/es\/escuela-de-futbol\/","name":"Futbol eskola - Hondarribia Futbol Elkartea","isPartOf":{"@id":"https:\/\/www.hondarribiafutbolelkartea.com\/es\/#website"},"datePublished":"2021-11-19T13:28:10+00:00","dateModified":"2022-10-17T16:07:39+00:00","breadcrumb":{"@id":"https:\/\/www.hondarribiafutbolelkartea.com\/es\/escuela-de-futbol\/#breadcrumb"},"inLanguage":"eu","potentialAction":[{"@type":"ReadAction","target":["https:\/\/www.hondarribiafutbolelkartea.com\/es\/escuela-de-futbol\/"]}]},{"@type":"BreadcrumbList","@id":"https:\/\/www.hondarribiafutbolelkartea.com\/es\/escuela-de-futbol\/#breadcrumb","itemListElement":[{"@type":"ListItem","position":1,"name":"Portada","item":"https:\/\/www.hondarribiafutbolelkartea.com\/eu\/"},{"@type":"ListItem","position":2,"name":"Futbol eskola"}]},{"@type":"WebSite","@id":"https:\/\/www.hondarribiafutbolelkartea.com\/es\/#website","url":"https:\/\/www.hondarribiafutbolelkartea.com\/es\/","name":"Hondarribia Futbol Elkartea","description":"Jolastu futbolera Hondarribian","potentialAction":[{"@type":"SearchAction","target":{"@type":"EntryPoint","urlTemplate":"https:\/\/www.hondarribiafutbolelkartea.com\/es\/?s={search_term_string}"},"query-input":{"@type":"PropertyValueSpecification","valueRequired":true,"valueName":"search_term_string"}}],"inLanguage":"eu"}]}},"_links":{"self":[{"href":"https:\/\/www.hondarribiafutbolelkartea.com\/eu\/wp-json\/wp\/v2\/pages\/1566","targetHints":{"allow":["GET"]}}],"collection":[{"href":"https:\/\/www.hondarribiafutbolelkartea.com\/eu\/wp-json\/wp\/v2\/pages"}],"about":[{"href":"https:\/\/www.hondarribiafutbolelkartea.com\/eu\/wp-json\/wp\/v2\/types\/page"}],"author":[{"embeddable":true,"href":"https:\/\/www.hondarribiafutbolelkartea.com\/eu\/wp-json\/wp\/v2\/users\/1"}],"replies":[{"embeddable":true,"href":"https:\/\/www.hondarribiafutbolelkartea.com\/eu\/wp-json\/wp\/v2\/comments?post=1566"}],"version-history":[{"count":5,"href":"https:\/\/www.hondarribiafutbolelkartea.com\/eu\/wp-json\/wp\/v2\/pages\/1566\/revisions"}],"predecessor-version":[{"id":1580,"href":"https:\/\/www.hondarribiafutbolelkartea.com\/eu\/wp-json\/wp\/v2\/pages\/1566\/revisions\/1580"}],"wp:attachment":[{"href":"https:\/\/www.hondarribiafutbolelkartea.com\/eu\/wp-json\/wp\/v2\/media?parent=1566"}],"curies":[{"name":"wp","href":"https:\/\/api.w.org\/{rel}","templated":true}]}}