{"id":1547,"date":"2021-11-19T11:54:31","date_gmt":"2021-11-19T11:54:31","guid":{"rendered":"https:\/\/www.hondarribiafutbolelkartea.com\/?page_id=1547"},"modified":"2021-11-20T07:58:49","modified_gmt":"2021-11-20T07:58:49","slug":"datuak","status":"publish","type":"page","link":"https:\/\/www.hondarribiafutbolelkartea.com\/eu\/kluba\/datuak\/","title":{"rendered":"Datuak"},"content":{"rendered":"<p>[et_pb_section fb_built=&#8221;1&#8243; _builder_version=&#8221;4.13.1&#8243; _module_preset=&#8221;default&#8221; global_colors_info=&#8221;{}&#8221;][et_pb_row _builder_version=&#8221;4.13.1&#8243; _module_preset=&#8221;default&#8221; global_colors_info=&#8221;{}&#8221;][et_pb_column type=&#8221;4_4&#8243; _builder_version=&#8221;4.13.1&#8243; _module_preset=&#8221;default&#8221; global_colors_info=&#8221;{}&#8221;][et_pb_text _builder_version=&#8221;4.13.1&#8243; _module_preset=&#8221;default&#8221; global_colors_info=&#8221;{}&#8221;]<\/p>\n<h1>Datuak<\/h1>\n<p>[\/et_pb_text][\/et_pb_column][\/et_pb_row][et_pb_row column_structure=&#8221;1_2,1_2&#8243; module_class=&#8221;datos&#8221; _builder_version=&#8221;4.13.1&#8243; _module_preset=&#8221;default&#8221; global_colors_info=&#8221;{}&#8221;][et_pb_column type=&#8221;1_2&#8243; _builder_version=&#8221;4.13.1&#8243; _module_preset=&#8221;default&#8221; global_colors_info=&#8221;{}&#8221;][et_pb_image src=&#8221;https:\/\/www.hondarribiafutbolelkartea.com\/wp-content\/uploads\/2021\/11\/alameda.jpg&#8221; title_text=&#8221;alameda&#8221; _builder_version=&#8221;4.13.1&#8243; _module_preset=&#8221;default&#8221; global_colors_info=&#8221;{}&#8221;][\/et_pb_image][\/et_pb_column][et_pb_column type=&#8221;1_2&#8243; _builder_version=&#8221;4.13.1&#8243; _module_preset=&#8221;default&#8221; global_colors_info=&#8221;{}&#8221;][et_pb_text _builder_version=&#8221;4.13.1&#8243; _module_preset=&#8221;default&#8221; global_colors_info=&#8221;{}&#8221;]<\/p>\n<h2>1971n sortua<\/h2>\n<p>1971ko ekainaren 11 da Hondarribia Futbol Elkartearen sorrera data. Alameda jatetxeko mahai batean, Klubeko lehen Zuzendaritza Batzordea bozkatu, onartu eta eratu zen.<\/p>\n<p>[\/et_pb_text][\/et_pb_column][\/et_pb_row][et_pb_row column_structure=&#8221;1_2,1_2&#8243; module_class=&#8221;datos&#8221; _builder_version=&#8221;4.13.1&#8243; _module_preset=&#8221;default&#8221; global_colors_info=&#8221;{}&#8221;][et_pb_column type=&#8221;1_2&#8243; _builder_version=&#8221;4.13.1&#8243; _module_preset=&#8221;default&#8221; global_colors_info=&#8221;{}&#8221;][et_pb_text _builder_version=&#8221;4.13.1&#8243; _module_preset=&#8221;default&#8221; global_colors_info=&#8221;{}&#8221;]<\/p>\n<h2>Hondarretik belarrera<\/h2>\n<p>Hondarribia sortu zenean ez zuen zelai propiorik eta Stadium Galen jokatu zuen. 1972an hasi zen Ondartzan jokatzen, hasieran El Pe\u00f1on izena zuena.<\/p>\n<p>[\/et_pb_text][\/et_pb_column][et_pb_column type=&#8221;1_2&#8243; _builder_version=&#8221;4.13.1&#8243; _module_preset=&#8221;default&#8221; global_colors_info=&#8221;{}&#8221;][et_pb_image src=&#8221;https:\/\/www.hondarribiafutbolelkartea.com\/wp-content\/uploads\/2021\/11\/ondartza-1.jpg&#8221; title_text=&#8221;ondartza&#8221; _builder_version=&#8221;4.13.1&#8243; _module_preset=&#8221;default&#8221; global_colors_info=&#8221;{}&#8221;][\/et_pb_image][\/et_pb_column][\/et_pb_row][et_pb_row column_structure=&#8221;1_2,1_2&#8243; module_class=&#8221;datos&#8221; _builder_version=&#8221;4.13.1&#8243; _module_preset=&#8221;default&#8221; global_colors_info=&#8221;{}&#8221;][et_pb_column type=&#8221;1_2&#8243; _builder_version=&#8221;4.13.1&#8243; _module_preset=&#8221;default&#8221; global_colors_info=&#8221;{}&#8221;][et_pb_image src=&#8221;https:\/\/www.hondarribiafutbolelkartea.com\/wp-content\/uploads\/2021\/11\/taldeak.jpg&#8221; title_text=&#8221;taldeak&#8221; _builder_version=&#8221;4.13.1&#8243; _module_preset=&#8221;default&#8221; global_colors_info=&#8221;{}&#8221;][\/et_pb_image][\/et_pb_column][et_pb_column type=&#8221;1_2&#8243; _builder_version=&#8221;4.13.1&#8243; _module_preset=&#8221;default&#8221; global_colors_info=&#8221;{}&#8221;][et_pb_text _builder_version=&#8221;4.13.1&#8243; _module_preset=&#8221;default&#8221; global_colors_info=&#8221;{}&#8221;]<\/p>\n<h2>2tik 14 taldetara<\/h2>\n<p>1972an bi talde genituen, gaur 14 talde eta futbol eskola dugu.<\/p>\n<p>[\/et_pb_text][\/et_pb_column][\/et_pb_row][\/et_pb_section][et_pb_section fb_built=&#8221;1&#8243; module_class=&#8221;jugadores-historicos&#8221; _builder_version=&#8221;4.13.1&#8243; _module_preset=&#8221;default&#8221; background_color=&#8221;#f4f4f4&#8243; global_colors_info=&#8221;{}&#8221;][et_pb_row _builder_version=&#8221;4.13.1&#8243; _module_preset=&#8221;default&#8221; custom_padding=&#8221;||0px||false|false&#8221; global_colors_info=&#8221;{}&#8221;][et_pb_column type=&#8221;4_4&#8243; _builder_version=&#8221;4.13.1&#8243; _module_preset=&#8221;default&#8221; global_colors_info=&#8221;{}&#8221;][et_pb_text _builder_version=&#8221;4.13.1&#8243; _module_preset=&#8221;default&#8221; global_colors_info=&#8221;{}&#8221;]<\/p>\n<h2 style=\"text-align: center;\">Hondarribiko jokalariak<\/h2>\n<p>[\/et_pb_text][\/et_pb_column][\/et_pb_row][et_pb_row column_structure=&#8221;1_4,1_4,1_4,1_4&#8243; use_custom_gutter=&#8221;on&#8221; gutter_width=&#8221;2&#8243; _builder_version=&#8221;4.13.1&#8243; _module_preset=&#8221;default&#8221; global_colors_info=&#8221;{}&#8221;][et_pb_column type=&#8221;1_4&#8243; _builder_version=&#8221;4.13.1&#8243; _module_preset=&#8221;default&#8221; global_colors_info=&#8221;{}&#8221;][et_pb_team_member name=&#8221;Unay Emery&#8221; position=&#8221;Jokalari eta entrenatzailea&#8221; image_url=&#8221;https:\/\/www.hondarribiafutbolelkartea.com\/wp-content\/uploads\/2021\/11\/emery.jpg&#8221; _builder_version=&#8221;4.13.1&#8243; _module_preset=&#8221;default&#8221; hover_enabled=&#8221;0&#8243; global_colors_info=&#8221;{}&#8221; admin_label=&#8221;Unay Emery&#8221; sticky_enabled=&#8221;0&#8243;]<\/p>\n<p><strong>Jokalaria<\/strong>: Real Sociedad<\/p>\n<p><strong>Entrenatzailea<\/strong>: Lorca, Almeria, Valentzia, Spartak Mosku, Sevilla, PSG, Arsenal eta Villarreal<\/p>\n<p>[\/et_pb_team_member][\/et_pb_column][et_pb_column type=&#8221;1_4&#8243; _builder_version=&#8221;4.13.1&#8243; _module_preset=&#8221;default&#8221; global_colors_info=&#8221;{}&#8221;][et_pb_team_member name=&#8221;Joseba Llorente&#8221; position=&#8221;Jokalari&#8221; image_url=&#8221;https:\/\/www.hondarribiafutbolelkartea.com\/wp-content\/uploads\/2021\/11\/llorente.jpg&#8221; _builder_version=&#8221;4.13.1&#8243; _module_preset=&#8221;default&#8221; hover_enabled=&#8221;0&#8243; global_colors_info=&#8221;{}&#8221; admin_label=&#8221;Joseba Llorente&#8221; sticky_enabled=&#8221;0&#8243;]<\/p>\n<p>Eibar, Real Sociedad, Valladolid, Villarreal eta Osasuna<\/p>\n<p>[\/et_pb_team_member][\/et_pb_column][et_pb_column type=&#8221;1_4&#8243; _builder_version=&#8221;4.13.1&#8243; _module_preset=&#8221;default&#8221; global_colors_info=&#8221;{}&#8221;][et_pb_team_member name=&#8221;David Billabona&#8221; position=&#8221;Jokalari&#8221; image_url=&#8221;https:\/\/www.hondarribiafutbolelkartea.com\/wp-content\/uploads\/2021\/11\/billabona.jpg&#8221; _builder_version=&#8221;4.13.1&#8243; _module_preset=&#8221;default&#8221; hover_enabled=&#8221;0&#8243; global_colors_info=&#8221;{}&#8221; admin_label=&#8221;David Billabona&#8221; sticky_enabled=&#8221;0&#8243;]<\/p>\n<p>Real Sociedad, Athletic Club eta Racing de Santander.<\/p>\n<p>Nazioarteko erabatekoa. Urrezko domina Bartzelonako Olinpiar Jokoetan 92.<\/p>\n<p>[\/et_pb_team_member][\/et_pb_column][et_pb_column type=&#8221;1_4&#8243; _builder_version=&#8221;4.13.1&#8243; _module_preset=&#8221;default&#8221; global_colors_info=&#8221;{}&#8221;][et_pb_team_member name=&#8221;Kote Pikabea&#8221; position=&#8221;Jokalari&#8221; image_url=&#8221;https:\/\/www.hondarribiafutbolelkartea.com\/wp-content\/uploads\/2021\/11\/kote.jpg&#8221; _builder_version=&#8221;4.13.1&#8243; _module_preset=&#8221;default&#8221; hover_enabled=&#8221;0&#8243; global_colors_info=&#8221;{}&#8221; admin_label=&#8221;Kote Pikabea&#8221; sticky_enabled=&#8221;0&#8243;]<\/p>\n<p>11 denboraldi Realean<\/p>\n<p>[\/et_pb_team_member][\/et_pb_column][\/et_pb_row][et_pb_row column_structure=&#8221;1_4,1_4,1_4,1_4&#8243; use_custom_gutter=&#8221;on&#8221; gutter_width=&#8221;2&#8243; _builder_version=&#8221;4.13.1&#8243; _module_preset=&#8221;default&#8221; global_colors_info=&#8221;{}&#8221;][et_pb_column type=&#8221;1_4&#8243; _builder_version=&#8221;4.13.1&#8243; _module_preset=&#8221;default&#8221; global_colors_info=&#8221;{}&#8221;][et_pb_team_member name=&#8221;Mikel Llorente&#8221; position=&#8221;Jokalari&#8221; image_url=&#8221;https:\/\/www.hondarribiafutbolelkartea.com\/wp-content\/uploads\/2021\/11\/mikel-llorente.jpg&#8221; _builder_version=&#8221;4.13.1&#8243; _module_preset=&#8221;default&#8221; hover_enabled=&#8221;0&#8243; global_colors_info=&#8221;{}&#8221; admin_label=&#8221;Mikel Llorente&#8221; sticky_enabled=&#8221;0&#8243;]<\/p>\n<p>Real Sociedad juvenilean<\/p>\n<p>[\/et_pb_team_member][\/et_pb_column][et_pb_column type=&#8221;1_4&#8243; _builder_version=&#8221;4.13.1&#8243; _module_preset=&#8221;default&#8221; global_colors_info=&#8221;{}&#8221;][et_pb_team_member name=&#8221;Mariasun Qui\u00f1ones&#8221; position=&#8221;Jokalari&#8221; image_url=&#8221;https:\/\/www.hondarribiafutbolelkartea.com\/wp-content\/uploads\/2021\/11\/mariasun.jpg&#8221; _builder_version=&#8221;4.13.1&#8243; _module_preset=&#8221;default&#8221; hover_enabled=&#8221;0&#8243; global_colors_info=&#8221;{}&#8221; admin_label=&#8221;Mariasun Qui\u00f1ones&#8221; sticky_enabled=&#8221;0&#8243;]<\/p>\n<p>Mari\u00f1o, Real Sociedad eta Athletic Club<\/p>\n<p>[\/et_pb_team_member][\/et_pb_column][et_pb_column type=&#8221;1_4&#8243; _builder_version=&#8221;4.13.1&#8243; _module_preset=&#8221;default&#8221; global_colors_info=&#8221;{}&#8221;][et_pb_team_member name=&#8221;Xeber Alkain&#8221; position=&#8221;Jokalari&#8221; image_url=&#8221;https:\/\/www.hondarribiafutbolelkartea.com\/wp-content\/uploads\/2021\/11\/xeber.jpg&#8221; _builder_version=&#8221;4.13.1&#8243; _module_preset=&#8221;default&#8221; hover_enabled=&#8221;0&#8243; global_colors_info=&#8221;{}&#8221; admin_label=&#8221;Mariasun Qui\u00f1ones&#8221; sticky_enabled=&#8221;0&#8243; title_text=&#8221;xeber&#8221;]<\/p>\n<p>Real Sociedad B<\/p>\n<p>[\/et_pb_team_member][\/et_pb_column][et_pb_column type=&#8221;1_4&#8243; _builder_version=&#8221;4.13.1&#8243; _module_preset=&#8221;default&#8221; global_colors_info=&#8221;{}&#8221;][\/et_pb_column][\/et_pb_row][\/et_pb_section]<\/p>\n","protected":false},"excerpt":{"rendered":"<p>Datuak1971n sortua 1971ko ekainaren 11 da Hondarribia Futbol Elkartearen sorrera data. Alameda jatetxeko mahai batean, Klubeko lehen Zuzendaritza Batzordea bozkatu, onartu eta eratu zen.Hondarretik belarrera Hondarribia sortu zenean ez zuen zelai propiorik eta Stadium Galen jokatu zuen. 1972an hasi zen Ondartzan jokatzen, hasieran El Pe\u00f1on izena zuena.2tik 14 taldetara 1972an bi talde genituen, gaur 14 [&hellip;]<\/p>\n","protected":false},"author":1,"featured_media":0,"parent":1546,"menu_order":1,"comment_status":"closed","ping_status":"closed","template":"","meta":{"_et_pb_use_builder":"on","_et_pb_old_content":"[et_pb_section fb_built=\"1\" _builder_version=\"4.13.1\" _module_preset=\"default\" global_colors_info=\"{}\"][et_pb_row _builder_version=\"4.13.1\" _module_preset=\"default\" global_colors_info=\"{}\"][et_pb_column type=\"4_4\" _builder_version=\"4.13.1\" _module_preset=\"default\" global_colors_info=\"{}\"][et_pb_text _builder_version=\"4.13.1\" _module_preset=\"default\" global_colors_info=\"{}\"]<h1>Datos<\/h1>[\/et_pb_text][\/et_pb_column][\/et_pb_row][et_pb_row column_structure=\"1_2,1_2\" module_class=\"datos\" _builder_version=\"4.13.1\" _module_preset=\"default\" global_colors_info=\"{}\"][et_pb_column type=\"1_2\" _builder_version=\"4.13.1\" _module_preset=\"default\" global_colors_info=\"{}\"][et_pb_image src=\"https:\/\/www.hondarribiafutbolelkartea.com\/wp-content\/uploads\/2021\/11\/alameda.jpg\" title_text=\"alameda\" _builder_version=\"4.13.1\" _module_preset=\"default\" global_colors_info=\"{}\"][\/et_pb_image][\/et_pb_column][et_pb_column type=\"1_2\" _builder_version=\"4.13.1\" _module_preset=\"default\" global_colors_info=\"{}\"][et_pb_text _builder_version=\"4.13.1\" _module_preset=\"default\" global_colors_info=\"{}\"]<h2 class=\"et_pb_module_header\">Fundado en 1971<\/h2>\r\n<div class=\"et_pb_blurb_description\">\r\n<p>El 11 de Junio de 1971 es la fecha de fundaci\u00f3n del Hondarribia Futbol Elkartea. En una mesa del restaurante Alameda se vot\u00f3, aprob\u00f3 y constituyo la primera Junta Directiva del Club.<\/p>\r\n<\/div>[\/et_pb_text][\/et_pb_column][\/et_pb_row][et_pb_row column_structure=\"1_2,1_2\" module_class=\"datos\" _builder_version=\"4.13.1\" _module_preset=\"default\" global_colors_info=\"{}\"][et_pb_column type=\"1_2\" _builder_version=\"4.13.1\" _module_preset=\"default\" global_colors_info=\"{}\"][et_pb_text _builder_version=\"4.13.1\" _module_preset=\"default\" global_colors_info=\"{}\"]<h2 class=\"et_pb_module_header\">De la arena a la hierba<\/h2>\r\n<div class=\"et_pb_blurb_description\">\r\n<p>Cuando se fund\u00f3 el Hondarribia no ten\u00eda campo propio y jugaba en el Stadium Gal. En 1972 empez\u00f3 a jugar en Ondartza que inicialmente se llam\u00f3 El Pe\u00f1on.<\/p>\r\n<\/div>[\/et_pb_text][\/et_pb_column][et_pb_column type=\"1_2\" _builder_version=\"4.13.1\" _module_preset=\"default\" global_colors_info=\"{}\"][et_pb_image src=\"https:\/\/www.hondarribiafutbolelkartea.com\/wp-content\/uploads\/2021\/11\/ondartza-1.jpg\" title_text=\"ondartza\" _builder_version=\"4.13.1\" _module_preset=\"default\" global_colors_info=\"{}\"][\/et_pb_image][\/et_pb_column][\/et_pb_row][et_pb_row column_structure=\"1_2,1_2\" module_class=\"datos\" _builder_version=\"4.13.1\" _module_preset=\"default\" global_colors_info=\"{}\"][et_pb_column type=\"1_2\" _builder_version=\"4.13.1\" _module_preset=\"default\" global_colors_info=\"{}\"][et_pb_image src=\"https:\/\/www.hondarribiafutbolelkartea.com\/wp-content\/uploads\/2021\/11\/taldeak.jpg\" title_text=\"taldeak\" _builder_version=\"4.13.1\" _module_preset=\"default\" hover_enabled=\"0\" global_colors_info=\"{}\" sticky_enabled=\"0\"][\/et_pb_image][\/et_pb_column][et_pb_column type=\"1_2\" _builder_version=\"4.13.1\" _module_preset=\"default\" global_colors_info=\"{}\"][et_pb_text _builder_version=\"4.13.1\" _module_preset=\"default\" hover_enabled=\"0\" global_colors_info=\"{}\" sticky_enabled=\"0\"]<h2 class=\"et_pb_module_header\">De 2 a 14 equipos<\/h2>\r\n<div class=\"et_pb_blurb_description\">\r\n<p>En 1972 ten\u00edamos dos equipos, a d\u00eda de hoy contamos con 14 equipos y una escuela de f\u00fatbol.<\/p>\r\n<\/div>[\/et_pb_text][\/et_pb_column][\/et_pb_row][\/et_pb_section][et_pb_section fb_built=\"1\" module_class=\"jugadores-historicos\" _builder_version=\"4.13.1\" _module_preset=\"default\" background_color=\"#f4f4f4\" global_colors_info=\"{}\"][et_pb_row _builder_version=\"4.13.1\" _module_preset=\"default\" custom_padding=\"||0px||false|false\" global_colors_info=\"{}\"][et_pb_column type=\"4_4\" _builder_version=\"4.13.1\" _module_preset=\"default\" global_colors_info=\"{}\"][et_pb_text _builder_version=\"4.13.1\" _module_preset=\"default\" global_colors_info=\"{}\"]<h2 style=\"text-align: center;\">Jugadores del Hondarribia<\/h2>[\/et_pb_text][\/et_pb_column][\/et_pb_row][et_pb_row column_structure=\"1_6,1_6,1_6,1_6,1_6,1_6\" use_custom_gutter=\"on\" gutter_width=\"2\" _builder_version=\"4.13.1\" _module_preset=\"default\" global_colors_info=\"{}\"][et_pb_column type=\"1_6\" _builder_version=\"4.13.1\" _module_preset=\"default\" global_colors_info=\"{}\"][et_pb_team_member name=\"Unay Emery\" position=\"Jugador y entrenador\" image_url=\"https:\/\/www.hondarribiafutbolelkartea.com\/wp-content\/uploads\/2021\/11\/emery.jpg\" _builder_version=\"4.13.1\" _module_preset=\"default\" global_colors_info=\"{}\"]<p><strong>Jugador<\/strong>: Real Sociedad<\/p>\r\n<p><strong>Entrenador<\/strong>: Lorca, Almer\u00eda, Valencia, Spartak de Mosc\u00fa, Sevilla, PSG, Arsenal y Villarreal<\/p>[\/et_pb_team_member][\/et_pb_column][et_pb_column type=\"1_6\" _builder_version=\"4.13.1\" _module_preset=\"default\" global_colors_info=\"{}\"][et_pb_team_member name=\"Joseba Llorente\" position=\"Jugador\" image_url=\"https:\/\/www.hondarribiafutbolelkartea.com\/wp-content\/uploads\/2021\/11\/llorente.jpg\" _builder_version=\"4.13.1\" _module_preset=\"default\" global_colors_info=\"{}\"]<p>Eibar, Real Sociedad, Valladolid, Villarreal y Osasuna<\/p>[\/et_pb_team_member][\/et_pb_column][et_pb_column type=\"1_6\" _builder_version=\"4.13.1\" _module_preset=\"default\" global_colors_info=\"{}\"][et_pb_team_member name=\"David Billabona\" position=\"Jugador\" image_url=\"https:\/\/www.hondarribiafutbolelkartea.com\/wp-content\/uploads\/2021\/11\/billabona.jpg\" _builder_version=\"4.13.1\" _module_preset=\"default\" global_colors_info=\"{}\"]<p>Real Sociedad, Athletic Club y Racing de Santander.<\/p>\r\n<p>Internacional absoluto. Medalla de oro en los JJOO de Barcelona 92.<\/p>[\/et_pb_team_member][\/et_pb_column][et_pb_column type=\"1_6\" _builder_version=\"4.13.1\" _module_preset=\"default\" global_colors_info=\"{}\"][et_pb_team_member name=\"Kote Pikabea\" position=\"Jugador\" image_url=\"https:\/\/www.hondarribiafutbolelkartea.com\/wp-content\/uploads\/2021\/11\/kote.jpg\" _builder_version=\"4.13.1\" _module_preset=\"default\" global_colors_info=\"{}\"]<p>11 temporadas en la Real Sociedad<\/p>[\/et_pb_team_member][\/et_pb_column][et_pb_column type=\"1_6\" _builder_version=\"4.13.1\" _module_preset=\"default\" global_colors_info=\"{}\"][et_pb_team_member name=\"Mikel Llorente\" position=\"Jugador\" image_url=\"https:\/\/www.hondarribiafutbolelkartea.com\/wp-content\/uploads\/2021\/11\/mikel-llorente.jpg\" _builder_version=\"4.13.1\" _module_preset=\"default\" global_colors_info=\"{}\"]<p>Real Sociedad juvenil<\/p>[\/et_pb_team_member][\/et_pb_column][et_pb_column type=\"1_6\" _builder_version=\"4.13.1\" _module_preset=\"default\" global_colors_info=\"{}\"][et_pb_team_member name=\"Mariasun Qui\u00f1ones\" position=\"Jugadora\" image_url=\"https:\/\/www.hondarribiafutbolelkartea.com\/wp-content\/uploads\/2021\/11\/mariasun.jpg\" _builder_version=\"4.13.1\" _module_preset=\"default\" global_colors_info=\"{}\"]<p>Mari\u00f1o, Real Sociedad y Athletic Club<\/p>[\/et_pb_team_member][\/et_pb_column][\/et_pb_row][\/et_pb_section]","_et_gb_content_width":"","inline_featured_image":false,"footnotes":""},"class_list":["post-1547","page","type-page","status-publish","hentry"],"yoast_head":"<!-- This site is optimized with the Yoast SEO plugin v23.9 - https:\/\/yoast.com\/wordpress\/plugins\/seo\/ -->\n<title>Datuak - Hondarribia Futbol Elkartea<\/title>\n<meta name=\"robots\" content=\"index, follow, max-snippet:-1, max-image-preview:large, max-video-preview:-1\" \/>\n<link rel=\"canonical\" href=\"https:\/\/www.hondarribiafutbolelkartea.com\/es\/el-club\/datos\/\" \/>\n<meta property=\"og:locale\" content=\"eu_ES\" \/>\n<meta property=\"og:type\" content=\"article\" \/>\n<meta property=\"og:title\" content=\"Datuak - Hondarribia Futbol Elkartea\" \/>\n<meta property=\"og:description\" content=\"Datuak1971n sortua 1971ko ekainaren 11 da Hondarribia Futbol Elkartearen sorrera data. Alameda jatetxeko mahai batean, Klubeko lehen Zuzendaritza Batzordea bozkatu, onartu eta eratu zen.Hondarretik belarrera Hondarribia sortu zenean ez zuen zelai propiorik eta Stadium Galen jokatu zuen. 1972an hasi zen Ondartzan jokatzen, hasieran El Pe\u00f1on izena zuena.2tik 14 taldetara 1972an bi talde genituen, gaur 14 [&hellip;]\" \/>\n<meta property=\"og:url\" content=\"https:\/\/www.hondarribiafutbolelkartea.com\/es\/el-club\/datos\/\" \/>\n<meta property=\"og:site_name\" content=\"Hondarribia Futbol Elkartea\" \/>\n<meta property=\"article:modified_time\" content=\"2021-11-20T07:58:49+00:00\" \/>\n<meta name=\"twitter:card\" content=\"summary_large_image\" \/>\n<meta name=\"twitter:label1\" content=\"Est. reading time\" \/>\n\t<meta name=\"twitter:data1\" content=\"5 minutua\" \/>\n<script type=\"application\/ld+json\" class=\"yoast-schema-graph\">{\"@context\":\"https:\/\/schema.org\",\"@graph\":[{\"@type\":\"WebPage\",\"@id\":\"https:\/\/www.hondarribiafutbolelkartea.com\/es\/el-club\/datos\/\",\"url\":\"https:\/\/www.hondarribiafutbolelkartea.com\/es\/el-club\/datos\/\",\"name\":\"Datuak - Hondarribia Futbol Elkartea\",\"isPartOf\":{\"@id\":\"https:\/\/www.hondarribiafutbolelkartea.com\/es\/#website\"},\"datePublished\":\"2021-11-19T11:54:31+00:00\",\"dateModified\":\"2021-11-20T07:58:49+00:00\",\"breadcrumb\":{\"@id\":\"https:\/\/www.hondarribiafutbolelkartea.com\/es\/el-club\/datos\/#breadcrumb\"},\"inLanguage\":\"eu\",\"potentialAction\":[{\"@type\":\"ReadAction\",\"target\":[\"https:\/\/www.hondarribiafutbolelkartea.com\/es\/el-club\/datos\/\"]}]},{\"@type\":\"BreadcrumbList\",\"@id\":\"https:\/\/www.hondarribiafutbolelkartea.com\/es\/el-club\/datos\/#breadcrumb\",\"itemListElement\":[{\"@type\":\"ListItem\",\"position\":1,\"name\":\"Portada\",\"item\":\"https:\/\/www.hondarribiafutbolelkartea.com\/eu\/\"},{\"@type\":\"ListItem\",\"position\":2,\"name\":\"Kluba\",\"item\":\"https:\/\/www.hondarribiafutbolelkartea.com\/es\/el-club\/\"},{\"@type\":\"ListItem\",\"position\":3,\"name\":\"Datuak\"}]},{\"@type\":\"WebSite\",\"@id\":\"https:\/\/www.hondarribiafutbolelkartea.com\/es\/#website\",\"url\":\"https:\/\/www.hondarribiafutbolelkartea.com\/es\/\",\"name\":\"Hondarribia Futbol Elkartea\",\"description\":\"Jolastu futbolera Hondarribian\",\"potentialAction\":[{\"@type\":\"SearchAction\",\"target\":{\"@type\":\"EntryPoint\",\"urlTemplate\":\"https:\/\/www.hondarribiafutbolelkartea.com\/es\/?s={search_term_string}\"},\"query-input\":{\"@type\":\"PropertyValueSpecification\",\"valueRequired\":true,\"valueName\":\"search_term_string\"}}],\"inLanguage\":\"eu\"}]}<\/script>\n<!-- \/ Yoast SEO plugin. -->","yoast_head_json":{"title":"Datuak - Hondarribia Futbol Elkartea","robots":{"index":"index","follow":"follow","max-snippet":"max-snippet:-1","max-image-preview":"max-image-preview:large","max-video-preview":"max-video-preview:-1"},"canonical":"https:\/\/www.hondarribiafutbolelkartea.com\/es\/el-club\/datos\/","og_locale":"eu_ES","og_type":"article","og_title":"Datuak - Hondarribia Futbol Elkartea","og_description":"Datuak1971n sortua 1971ko ekainaren 11 da Hondarribia Futbol Elkartearen sorrera data. Alameda jatetxeko mahai batean, Klubeko lehen Zuzendaritza Batzordea bozkatu, onartu eta eratu zen.Hondarretik belarrera Hondarribia sortu zenean ez zuen zelai propiorik eta Stadium Galen jokatu zuen. 1972an hasi zen Ondartzan jokatzen, hasieran El Pe\u00f1on izena zuena.2tik 14 taldetara 1972an bi talde genituen, gaur 14 [&hellip;]","og_url":"https:\/\/www.hondarribiafutbolelkartea.com\/es\/el-club\/datos\/","og_site_name":"Hondarribia Futbol Elkartea","article_modified_time":"2021-11-20T07:58:49+00:00","twitter_card":"summary_large_image","twitter_misc":{"Est. reading time":"5 minutua"},"schema":{"@context":"https:\/\/schema.org","@graph":[{"@type":"WebPage","@id":"https:\/\/www.hondarribiafutbolelkartea.com\/es\/el-club\/datos\/","url":"https:\/\/www.hondarribiafutbolelkartea.com\/es\/el-club\/datos\/","name":"Datuak - Hondarribia Futbol Elkartea","isPartOf":{"@id":"https:\/\/www.hondarribiafutbolelkartea.com\/es\/#website"},"datePublished":"2021-11-19T11:54:31+00:00","dateModified":"2021-11-20T07:58:49+00:00","breadcrumb":{"@id":"https:\/\/www.hondarribiafutbolelkartea.com\/es\/el-club\/datos\/#breadcrumb"},"inLanguage":"eu","potentialAction":[{"@type":"ReadAction","target":["https:\/\/www.hondarribiafutbolelkartea.com\/es\/el-club\/datos\/"]}]},{"@type":"BreadcrumbList","@id":"https:\/\/www.hondarribiafutbolelkartea.com\/es\/el-club\/datos\/#breadcrumb","itemListElement":[{"@type":"ListItem","position":1,"name":"Portada","item":"https:\/\/www.hondarribiafutbolelkartea.com\/eu\/"},{"@type":"ListItem","position":2,"name":"Kluba","item":"https:\/\/www.hondarribiafutbolelkartea.com\/es\/el-club\/"},{"@type":"ListItem","position":3,"name":"Datuak"}]},{"@type":"WebSite","@id":"https:\/\/www.hondarribiafutbolelkartea.com\/es\/#website","url":"https:\/\/www.hondarribiafutbolelkartea.com\/es\/","name":"Hondarribia Futbol Elkartea","description":"Jolastu futbolera Hondarribian","potentialAction":[{"@type":"SearchAction","target":{"@type":"EntryPoint","urlTemplate":"https:\/\/www.hondarribiafutbolelkartea.com\/es\/?s={search_term_string}"},"query-input":{"@type":"PropertyValueSpecification","valueRequired":true,"valueName":"search_term_string"}}],"inLanguage":"eu"}]}},"_links":{"self":[{"href":"https:\/\/www.hondarribiafutbolelkartea.com\/eu\/wp-json\/wp\/v2\/pages\/1547","targetHints":{"allow":["GET"]}}],"collection":[{"href":"https:\/\/www.hondarribiafutbolelkartea.com\/eu\/wp-json\/wp\/v2\/pages"}],"about":[{"href":"https:\/\/www.hondarribiafutbolelkartea.com\/eu\/wp-json\/wp\/v2\/types\/page"}],"author":[{"embeddable":true,"href":"https:\/\/www.hondarribiafutbolelkartea.com\/eu\/wp-json\/wp\/v2\/users\/1"}],"replies":[{"embeddable":true,"href":"https:\/\/www.hondarribiafutbolelkartea.com\/eu\/wp-json\/wp\/v2\/comments?post=1547"}],"version-history":[{"count":6,"href":"https:\/\/www.hondarribiafutbolelkartea.com\/eu\/wp-json\/wp\/v2\/pages\/1547\/revisions"}],"predecessor-version":[{"id":1901,"href":"https:\/\/www.hondarribiafutbolelkartea.com\/eu\/wp-json\/wp\/v2\/pages\/1547\/revisions\/1901"}],"up":[{"embeddable":true,"href":"https:\/\/www.hondarribiafutbolelkartea.com\/eu\/wp-json\/wp\/v2\/pages\/1546"}],"wp:attachment":[{"href":"https:\/\/www.hondarribiafutbolelkartea.com\/eu\/wp-json\/wp\/v2\/media?parent=1547"}],"curies":[{"name":"wp","href":"https:\/\/api.w.org\/{rel}","templated":true}]}}