{"id":1546,"date":"2021-11-19T11:48:03","date_gmt":"2021-11-19T11:48:03","guid":{"rendered":"https:\/\/www.hondarribiafutbolelkartea.com\/?page_id=1546"},"modified":"2022-10-17T18:07:35","modified_gmt":"2022-10-17T16:07:35","slug":"kluba","status":"publish","type":"page","link":"https:\/\/www.hondarribiafutbolelkartea.com\/eu\/kluba\/","title":{"rendered":"Kluba"},"content":{"rendered":"<p>[et_pb_section fb_built=&#8221;1&#8243; _builder_version=&#8221;4.13.1&#8243; _module_preset=&#8221;default&#8221; global_colors_info=&#8221;{}&#8221;][et_pb_row _builder_version=&#8221;4.13.1&#8243; _module_preset=&#8221;default&#8221; global_colors_info=&#8221;{}&#8221;][et_pb_column type=&#8221;4_4&#8243; _builder_version=&#8221;4.13.1&#8243; _module_preset=&#8221;default&#8221; global_colors_info=&#8221;{}&#8221;][et_pb_text _builder_version=&#8221;4.13.1&#8243; _module_preset=&#8221;default&#8221; hover_enabled=&#8221;0&#8243; global_colors_info=&#8221;{}&#8221; sticky_enabled=&#8221;0&#8243;]<\/p>\n<h1>Kluba<\/h1>\n<p>[\/et_pb_text][\/et_pb_column][\/et_pb_row][et_pb_row column_structure=&#8221;3_5,2_5&#8243; _builder_version=&#8221;4.13.1&#8243; _module_preset=&#8221;default&#8221; global_colors_info=&#8221;{}&#8221;][et_pb_column type=&#8221;3_5&#8243; _builder_version=&#8221;4.13.1&#8243; _module_preset=&#8221;default&#8221; global_colors_info=&#8221;{}&#8221;][et_pb_text module_class=&#8221;club-intro&#8221; _builder_version=&#8221;4.13.1&#8243; _module_preset=&#8221;default&#8221; hover_enabled=&#8221;0&#8243; global_colors_info=&#8221;{}&#8221; sticky_enabled=&#8221;0&#8243;]<\/p>\n<h2>Urtero 400 neska-mutilek baino gehiagok jokatzen dute gure klubean.<\/h2>\n<p>Nork dio horietako bat ez dela izango hurrengo Lehen Mailako figura? Denborak bakarrik esan dezake. Ziur dagoena da HFEn balio positiboetan hezten direla eta bere herria maitatzen ikasten dutela, bizitzan zehar gordetzen duten kidetasun sentimendua eraikiz.<\/p>\n<p>[\/et_pb_text][et_pb_image src=&#8221;https:\/\/www.hondarribiafutbolelkartea.com\/wp-content\/uploads\/2021\/11\/club-jugadoras.jpg&#8221; title_text=&#8221;club-jugadoras&#8221; _builder_version=&#8221;4.13.1&#8243; _module_preset=&#8221;default&#8221; global_colors_info=&#8221;{}&#8221;][\/et_pb_image][\/et_pb_column][et_pb_column type=&#8221;2_5&#8243; _builder_version=&#8221;4.13.1&#8243; _module_preset=&#8221;default&#8221; global_colors_info=&#8221;{}&#8221;][et_pb_text admin_label=&#8221;Nuestro himno&#8221; module_class=&#8221;nuestro-himno&#8221; _builder_version=&#8221;4.13.1&#8243; _module_preset=&#8221;default&#8221; hover_enabled=&#8221;0&#8243; global_colors_info=&#8221;{}&#8221; sticky_enabled=&#8221;0&#8243;]<\/p>\n<h2><strong>Gure himnoa<\/strong><\/h2>\n<audio class=\"wp-audio-shortcode\" id=\"audio-1546-1\" preload=\"none\" style=\"width: 100%;\" controls=\"controls\"><source type=\"audio\/mpeg\" src=\"https:\/\/www.hondarribiafutbolelkartea.com\/wp-content\/uploads\/2021\/11\/hfe-himno.mp3?_=1\" \/><a href=\"https:\/\/www.hondarribiafutbolelkartea.com\/wp-content\/uploads\/2021\/11\/hfe-himno.mp3\">https:\/\/www.hondarribiafutbolelkartea.com\/wp-content\/uploads\/2021\/11\/hfe-himno.mp3<\/a><\/audio>\n<div class=\"himno-col\">\n<p>Hondarribiak badu<br \/>futboleko ekipoa<br \/>neska ta mutiletan<br \/>kategori handikoa<\/p>\n<p>Ekiporik onena da<br \/>geurea izaki,<br \/>herrian txafo dena<br \/>ikustera faki.<\/p>\n<p>Berdea du kolorea<br \/>Hondarribian futbola<br \/>bizia du umorea<br \/>gure herrian odolak.<\/p>\n<p>Zelaian abantian<br \/>modu elegantian<br \/>pasiak eta kontrolak.<br \/>buruakin jo-zia,<br \/>baloia jaitsi-zia,<br \/>guriak ttuk eta golak!<\/p>\n<\/div>\n<div class=\"himno-col\">\n<p>Hainbat urte badira<br \/>hondartzan jo ditugunak<br \/>futbol-jokuan orain<br \/>gu gara txoil ezagunak.<\/p>\n<p>Kanpoan euskaldun eta<br \/>etxean bikingo:<br \/>ekipo hoberikan<br \/>nik ez ez nike egingo.<\/p>\n<p>Berdea du kolorea<br \/>hondarribian futbola,<br \/>bizia du umorea<br \/>gure herrian odolak.<\/p>\n<p>Zelaian abantian<br \/>modu elegantian<br \/>pasiak eta kontrolak,<br \/>buruakin jo-zia,<br \/>baloia jaitsi-zia,<br \/>guriak ttuk golak!<\/p>\n<\/div>\n<p>[\/et_pb_text][\/et_pb_column][\/et_pb_row][\/et_pb_section][et_pb_section fb_built=&#8221;1&#8243; module_class=&#8221;hitos&#8221; _builder_version=&#8221;4.13.1&#8243; _module_preset=&#8221;default&#8221; background_color=&#8221;#f4f4f4&#8243; global_colors_info=&#8221;{}&#8221;][et_pb_row column_structure=&#8221;1_4,1_4,1_4,1_4&#8243; use_custom_gutter=&#8221;on&#8221; gutter_width=&#8221;2&#8243; _builder_version=&#8221;4.13.1&#8243; _module_preset=&#8221;default&#8221; global_colors_info=&#8221;{}&#8221;][et_pb_column type=&#8221;1_4&#8243; _builder_version=&#8221;4.13.1&#8243; _module_preset=&#8221;default&#8221; global_colors_info=&#8221;{}&#8221;][et_pb_blurb title=&#8221; 14 talde&#8221; image=&#8221;https:\/\/www.hondarribiafutbolelkartea.com\/wp-content\/uploads\/2021\/11\/club-equipos.jpg&#8221; _builder_version=&#8221;4.13.1&#8243; _module_preset=&#8221;default&#8221; hover_enabled=&#8221;0&#8243; global_colors_info=&#8221;{}&#8221; sticky_enabled=&#8221;0&#8243;]<\/p>\n<p>14 talde ditugu kategoria ezberdinetan<\/p>\n<p>[\/et_pb_blurb][\/et_pb_column][et_pb_column type=&#8221;1_4&#8243; _builder_version=&#8221;4.13.1&#8243; _module_preset=&#8221;default&#8221; global_colors_info=&#8221;{}&#8221;][et_pb_blurb title=&#8221;Neguko eta udako eskola&#8221; image=&#8221;https:\/\/www.hondarribiafutbolelkartea.com\/wp-content\/uploads\/2021\/11\/eskola-1.jpg&#8221; _builder_version=&#8221;4.13.1&#8243; _module_preset=&#8221;default&#8221; hover_enabled=&#8221;0&#8243; global_colors_info=&#8221;{}&#8221; sticky_enabled=&#8221;0&#8243;]<\/p>\n<p>Gure futbol eskolan jokalariak eta pertsonak entrenatzen ditugu<\/p>\n<p>[\/et_pb_blurb][\/et_pb_column][et_pb_column type=&#8221;1_4&#8243; _builder_version=&#8221;4.13.1&#8243; _module_preset=&#8221;default&#8221; global_colors_info=&#8221;{}&#8221;][et_pb_blurb title=&#8221; Mundialitoa&#8221; image=&#8221;https:\/\/www.hondarribiafutbolelkartea.com\/wp-content\/uploads\/2021\/11\/mundialito.jpg&#8221; _builder_version=&#8221;4.13.1&#8243; _module_preset=&#8221;default&#8221; hover_enabled=&#8221;0&#8243; global_colors_info=&#8221;{}&#8221; sticky_enabled=&#8221;0&#8243;]<\/p>\n<p>Denboraldi amaieran gure jokalari guztiekin festa bat antolatzen dugu eta gure talde guztietako jokalariak nahastuz txapelketa bat jokatzen dugu.<\/p>\n<p>[\/et_pb_blurb][\/et_pb_column][et_pb_column type=&#8221;1_4&#8243; _builder_version=&#8221;4.13.1&#8243; _module_preset=&#8221;default&#8221; global_colors_info=&#8221;{}&#8221;][et_pb_blurb title=&#8221; Beteranoak&#8221; image=&#8221;https:\/\/www.hondarribiafutbolelkartea.com\/wp-content\/uploads\/2021\/11\/veteranos.jpg&#8221; _builder_version=&#8221;4.13.1&#8243; _module_preset=&#8221;default&#8221; hover_enabled=&#8221;0&#8243; global_colors_info=&#8221;{}&#8221; sticky_enabled=&#8221;0&#8243;]<\/p>\n<p>Klubeko kide izatearen sentsazioa oso handia da. Horren froga da futbola utzi duten jokalari askok txapelketa beteranoak betetzen eta jokatzen jarraitzen dutela.<\/p>\n<p>[\/et_pb_blurb][\/et_pb_column][\/et_pb_row][\/et_pb_section]<\/p>\n","protected":false},"excerpt":{"rendered":"<p>KlubaUrtero 400 neska-mutilek baino gehiagok jokatzen dute gure klubean. Nork dio horietako bat ez dela izango hurrengo Lehen Mailako figura? Denborak bakarrik esan dezake. Ziur dagoena da HFEn balio positiboetan hezten direla eta bere herria maitatzen ikasten dutela, bizitzan zehar gordetzen duten kidetasun sentimendua eraikiz.Gure himnoa Hondarribiak badufutboleko ekipoaneska ta mutiletankategori handikoa Ekiporik onena dageurea [&hellip;]<\/p>\n","protected":false},"author":1,"featured_media":0,"parent":0,"menu_order":4,"comment_status":"closed","ping_status":"closed","template":"","meta":{"_et_pb_use_builder":"on","_et_pb_old_content":"[et_pb_section fb_built=\"1\" _builder_version=\"4.13.1\" _module_preset=\"default\" global_colors_info=\"{}\"][et_pb_row _builder_version=\"4.13.1\" _module_preset=\"default\" global_colors_info=\"{}\"][et_pb_column type=\"4_4\" _builder_version=\"4.13.1\" _module_preset=\"default\" global_colors_info=\"{}\"][et_pb_text _builder_version=\"4.13.1\" _module_preset=\"default\" global_colors_info=\"{}\"]<h1>El club<\/h1>[\/et_pb_text][\/et_pb_column][\/et_pb_row][et_pb_row column_structure=\"3_5,2_5\" _builder_version=\"4.13.1\" _module_preset=\"default\" global_colors_info=\"{}\"][et_pb_column type=\"3_5\" _builder_version=\"4.13.1\" _module_preset=\"default\" global_colors_info=\"{}\"][et_pb_text module_class=\"club-intro\" _builder_version=\"4.13.1\" _module_preset=\"default\" global_colors_info=\"{}\"]<h2>M\u00e1s de 400 chavales y chavalas juegan en nuestro club cada a\u00f1o.<\/h2>\r\n<p>\u00bfQui\u00e9n dice que alguno de ellos o ellas no ser\u00e1 la pr\u00f3xima figura de Primera Divisi\u00f3n? Eso s\u00f3lo el tiempo podr\u00e1 decirlo. Lo que es seguro es que en el HFE se educan en valores positivos y aprenden a amar a su pueblo, edificando un sentimiento de pertenencia que conservan toda su vida.<\/p>[\/et_pb_text][et_pb_image src=\"https:\/\/www.hondarribiafutbolelkartea.com\/wp-content\/uploads\/2021\/11\/club-jugadoras.jpg\" title_text=\"club-jugadoras\" _builder_version=\"4.13.1\" _module_preset=\"default\" global_colors_info=\"{}\"][\/et_pb_image][\/et_pb_column][et_pb_column type=\"2_5\" _builder_version=\"4.13.1\" _module_preset=\"default\" global_colors_info=\"{}\"][et_pb_text admin_label=\"Nuestro himno\" module_class=\"nuestro-himno\" _builder_version=\"4.13.1\" _module_preset=\"default\" global_colors_info=\"{}\"]<h2><strong>Nuestro himno<\/strong><\/h2>\r\n<p>[audio mp3=\"https:\/\/www.hondarribiafutbolelkartea.com\/wp-content\/uploads\/2021\/11\/hfe-himno.mp3\"][\/audio]<\/p>\r\n<div class=\"himno-col\">\r\n<p>Hondarribiak badu<br \/>futboleko ekipoa<br \/>neska ta mutiletan<br \/>kategori handikoa<\/p>\r\n<p>Ekiporik onena da<br \/>geurea izaki,<br \/>herrian txafo dena<br \/>ikustera faki.<\/p>\r\n<p>Berdea du kolorea<br \/>Hondarribian futbola<br \/>bizia du umorea<br \/>gure herrian odolak.<\/p>\r\n<p>Zelaian abantian<br \/>modu elegantian<br \/>pasiak eta kontrolak.<br \/>buruakin jo-zia,<br \/>baloia jaitsi-zia,<br \/>guriak ttuk eta golak!<\/p>\r\n<\/div>\r\n<div class=\"himno-col\">\r\n<p>Hainbat urte badira<br \/>hondartzan jo ditugunak<br \/>futbol-jokuan orain<br \/>gu gara txoil ezagunak.<\/p>\r\n<p>Kanpoan euskaldun eta<br \/>etxean bikingo:<br \/>ekipo hoberikan<br \/>nik ez ez nike egingo.<\/p>\r\n<p>Berdea du kolorea<br \/>hondarribian futbola,<br \/>bizia du umorea<br \/>gure herrian odolak.<\/p>\r\n<p>Zelaian abantian<br \/>modu elegantian<br \/>pasiak eta kontrolak,<br \/>buruakin jo-zia,<br \/>baloia jaitsi-zia,<br \/>guriak ttuk golak!<\/p>\r\n<\/div>[\/et_pb_text][\/et_pb_column][\/et_pb_row][\/et_pb_section][et_pb_section fb_built=\"1\" module_class=\"hitos\" _builder_version=\"4.13.1\" _module_preset=\"default\" background_color=\"#f4f4f4\" global_colors_info=\"{}\"][et_pb_row column_structure=\"1_4,1_4,1_4,1_4\" use_custom_gutter=\"on\" gutter_width=\"2\" _builder_version=\"4.13.1\" _module_preset=\"default\" global_colors_info=\"{}\"][et_pb_column type=\"1_4\" _builder_version=\"4.13.1\" _module_preset=\"default\" global_colors_info=\"{}\"][et_pb_blurb title=\"14 equipos\" image=\"https:\/\/www.hondarribiafutbolelkartea.com\/wp-content\/uploads\/2021\/11\/club-equipos.jpg\" _builder_version=\"4.13.1\" _module_preset=\"default\" global_colors_info=\"{}\"]<p>Contamos con 14 equipos en las diferentes categor\u00edas<\/p>[\/et_pb_blurb][\/et_pb_column][et_pb_column type=\"1_4\" _builder_version=\"4.13.1\" _module_preset=\"default\" global_colors_info=\"{}\"][et_pb_blurb title=\"Escuela de invierno y verano\" image=\"https:\/\/www.hondarribiafutbolelkartea.com\/wp-content\/uploads\/2021\/11\/eskola-1.jpg\" _builder_version=\"4.13.1\" _module_preset=\"default\" global_colors_info=\"{}\"]<p>En nuestra escuela de futbol formamos jugadores y personas.<\/p>[\/et_pb_blurb][\/et_pb_column][et_pb_column type=\"1_4\" _builder_version=\"4.13.1\" _module_preset=\"default\" global_colors_info=\"{}\"][et_pb_blurb title=\"Mundialito\" image=\"https:\/\/www.hondarribiafutbolelkartea.com\/wp-content\/uploads\/2021\/11\/mundialito.jpg\" _builder_version=\"4.13.1\" _module_preset=\"default\" global_colors_info=\"{}\"]<p>Al final de temporada organizamos una fiesta con todos nuestros jugadores y jugamos un torneo mezclando jugadores de todos nuestros equipos.<\/p>[\/et_pb_blurb][\/et_pb_column][et_pb_column type=\"1_4\" _builder_version=\"4.13.1\" _module_preset=\"default\" global_colors_info=\"{}\"][et_pb_blurb title=\"Veteranos\" image=\"https:\/\/www.hondarribiafutbolelkartea.com\/wp-content\/uploads\/2021\/11\/veteranos.jpg\" _builder_version=\"4.13.1\" _module_preset=\"default\" global_colors_info=\"{}\"]<p>El sentimiento de pertenencia al club es muy alto. Muestra de ello es que muchos jugadores que ya han dejado el f\u00fatbol siguen reuni\u00e9ndose y jugando torneos de veteranos.<\/p>[\/et_pb_blurb][\/et_pb_column][\/et_pb_row][\/et_pb_section]","_et_gb_content_width":"","inline_featured_image":false,"footnotes":""},"class_list":["post-1546","page","type-page","status-publish","hentry"],"yoast_head":"<!-- This site is optimized with the Yoast SEO plugin v23.9 - https:\/\/yoast.com\/wordpress\/plugins\/seo\/ -->\n<title>Kluba - Hondarribia Futbol Elkartea<\/title>\n<meta name=\"robots\" content=\"index, follow, max-snippet:-1, max-image-preview:large, max-video-preview:-1\" \/>\n<link rel=\"canonical\" href=\"https:\/\/www.hondarribiafutbolelkartea.com\/es\/el-club\/\" \/>\n<meta property=\"og:locale\" content=\"eu_ES\" \/>\n<meta property=\"og:type\" content=\"article\" \/>\n<meta property=\"og:title\" content=\"Kluba - Hondarribia Futbol Elkartea\" \/>\n<meta property=\"og:description\" content=\"KlubaUrtero 400 neska-mutilek baino gehiagok jokatzen dute gure klubean. Nork dio horietako bat ez dela izango hurrengo Lehen Mailako figura? Denborak bakarrik esan dezake. Ziur dagoena da HFEn balio positiboetan hezten direla eta bere herria maitatzen ikasten dutela, bizitzan zehar gordetzen duten kidetasun sentimendua eraikiz.Gure himnoa Hondarribiak badufutboleko ekipoaneska ta mutiletankategori handikoa Ekiporik onena dageurea [&hellip;]\" \/>\n<meta property=\"og:url\" content=\"https:\/\/www.hondarribiafutbolelkartea.com\/es\/el-club\/\" \/>\n<meta property=\"og:site_name\" content=\"Hondarribia Futbol Elkartea\" \/>\n<meta property=\"article:modified_time\" content=\"2022-10-17T16:07:35+00:00\" \/>\n<meta name=\"twitter:card\" content=\"summary_large_image\" \/>\n<meta name=\"twitter:label1\" content=\"Est. reading time\" \/>\n\t<meta name=\"twitter:data1\" content=\"3 minutua\" \/>\n<script type=\"application\/ld+json\" class=\"yoast-schema-graph\">{\"@context\":\"https:\/\/schema.org\",\"@graph\":[{\"@type\":\"WebPage\",\"@id\":\"https:\/\/www.hondarribiafutbolelkartea.com\/es\/el-club\/\",\"url\":\"https:\/\/www.hondarribiafutbolelkartea.com\/es\/el-club\/\",\"name\":\"Kluba - Hondarribia Futbol Elkartea\",\"isPartOf\":{\"@id\":\"https:\/\/www.hondarribiafutbolelkartea.com\/es\/#website\"},\"datePublished\":\"2021-11-19T11:48:03+00:00\",\"dateModified\":\"2022-10-17T16:07:35+00:00\",\"breadcrumb\":{\"@id\":\"https:\/\/www.hondarribiafutbolelkartea.com\/es\/el-club\/#breadcrumb\"},\"inLanguage\":\"eu\",\"potentialAction\":[{\"@type\":\"ReadAction\",\"target\":[\"https:\/\/www.hondarribiafutbolelkartea.com\/es\/el-club\/\"]}]},{\"@type\":\"BreadcrumbList\",\"@id\":\"https:\/\/www.hondarribiafutbolelkartea.com\/es\/el-club\/#breadcrumb\",\"itemListElement\":[{\"@type\":\"ListItem\",\"position\":1,\"name\":\"Portada\",\"item\":\"https:\/\/www.hondarribiafutbolelkartea.com\/eu\/\"},{\"@type\":\"ListItem\",\"position\":2,\"name\":\"Kluba\"}]},{\"@type\":\"WebSite\",\"@id\":\"https:\/\/www.hondarribiafutbolelkartea.com\/es\/#website\",\"url\":\"https:\/\/www.hondarribiafutbolelkartea.com\/es\/\",\"name\":\"Hondarribia Futbol Elkartea\",\"description\":\"Jolastu futbolera Hondarribian\",\"potentialAction\":[{\"@type\":\"SearchAction\",\"target\":{\"@type\":\"EntryPoint\",\"urlTemplate\":\"https:\/\/www.hondarribiafutbolelkartea.com\/es\/?s={search_term_string}\"},\"query-input\":{\"@type\":\"PropertyValueSpecification\",\"valueRequired\":true,\"valueName\":\"search_term_string\"}}],\"inLanguage\":\"eu\"}]}<\/script>\n<!-- \/ Yoast SEO plugin. -->","yoast_head_json":{"title":"Kluba - Hondarribia Futbol Elkartea","robots":{"index":"index","follow":"follow","max-snippet":"max-snippet:-1","max-image-preview":"max-image-preview:large","max-video-preview":"max-video-preview:-1"},"canonical":"https:\/\/www.hondarribiafutbolelkartea.com\/es\/el-club\/","og_locale":"eu_ES","og_type":"article","og_title":"Kluba - Hondarribia Futbol Elkartea","og_description":"KlubaUrtero 400 neska-mutilek baino gehiagok jokatzen dute gure klubean. Nork dio horietako bat ez dela izango hurrengo Lehen Mailako figura? Denborak bakarrik esan dezake. Ziur dagoena da HFEn balio positiboetan hezten direla eta bere herria maitatzen ikasten dutela, bizitzan zehar gordetzen duten kidetasun sentimendua eraikiz.Gure himnoa Hondarribiak badufutboleko ekipoaneska ta mutiletankategori handikoa Ekiporik onena dageurea [&hellip;]","og_url":"https:\/\/www.hondarribiafutbolelkartea.com\/es\/el-club\/","og_site_name":"Hondarribia Futbol Elkartea","article_modified_time":"2022-10-17T16:07:35+00:00","twitter_card":"summary_large_image","twitter_misc":{"Est. reading time":"3 minutua"},"schema":{"@context":"https:\/\/schema.org","@graph":[{"@type":"WebPage","@id":"https:\/\/www.hondarribiafutbolelkartea.com\/es\/el-club\/","url":"https:\/\/www.hondarribiafutbolelkartea.com\/es\/el-club\/","name":"Kluba - Hondarribia Futbol Elkartea","isPartOf":{"@id":"https:\/\/www.hondarribiafutbolelkartea.com\/es\/#website"},"datePublished":"2021-11-19T11:48:03+00:00","dateModified":"2022-10-17T16:07:35+00:00","breadcrumb":{"@id":"https:\/\/www.hondarribiafutbolelkartea.com\/es\/el-club\/#breadcrumb"},"inLanguage":"eu","potentialAction":[{"@type":"ReadAction","target":["https:\/\/www.hondarribiafutbolelkartea.com\/es\/el-club\/"]}]},{"@type":"BreadcrumbList","@id":"https:\/\/www.hondarribiafutbolelkartea.com\/es\/el-club\/#breadcrumb","itemListElement":[{"@type":"ListItem","position":1,"name":"Portada","item":"https:\/\/www.hondarribiafutbolelkartea.com\/eu\/"},{"@type":"ListItem","position":2,"name":"Kluba"}]},{"@type":"WebSite","@id":"https:\/\/www.hondarribiafutbolelkartea.com\/es\/#website","url":"https:\/\/www.hondarribiafutbolelkartea.com\/es\/","name":"Hondarribia Futbol Elkartea","description":"Jolastu futbolera Hondarribian","potentialAction":[{"@type":"SearchAction","target":{"@type":"EntryPoint","urlTemplate":"https:\/\/www.hondarribiafutbolelkartea.com\/es\/?s={search_term_string}"},"query-input":{"@type":"PropertyValueSpecification","valueRequired":true,"valueName":"search_term_string"}}],"inLanguage":"eu"}]}},"_links":{"self":[{"href":"https:\/\/www.hondarribiafutbolelkartea.com\/eu\/wp-json\/wp\/v2\/pages\/1546","targetHints":{"allow":["GET"]}}],"collection":[{"href":"https:\/\/www.hondarribiafutbolelkartea.com\/eu\/wp-json\/wp\/v2\/pages"}],"about":[{"href":"https:\/\/www.hondarribiafutbolelkartea.com\/eu\/wp-json\/wp\/v2\/types\/page"}],"author":[{"embeddable":true,"href":"https:\/\/www.hondarribiafutbolelkartea.com\/eu\/wp-json\/wp\/v2\/users\/1"}],"replies":[{"embeddable":true,"href":"https:\/\/www.hondarribiafutbolelkartea.com\/eu\/wp-json\/wp\/v2\/comments?post=1546"}],"version-history":[{"count":4,"href":"https:\/\/www.hondarribiafutbolelkartea.com\/eu\/wp-json\/wp\/v2\/pages\/1546\/revisions"}],"predecessor-version":[{"id":1555,"href":"https:\/\/www.hondarribiafutbolelkartea.com\/eu\/wp-json\/wp\/v2\/pages\/1546\/revisions\/1555"}],"wp:attachment":[{"href":"https:\/\/www.hondarribiafutbolelkartea.com\/eu\/wp-json\/wp\/v2\/media?parent=1546"}],"curies":[{"name":"wp","href":"https:\/\/api.w.org\/{rel}","templated":true}]}}