{"id":9,"date":"2021-10-27T15:08:38","date_gmt":"2021-10-27T15:08:38","guid":{"rendered":"https:\/\/www.hondarribiafutbolelkartea.com\/?page_id=9"},"modified":"2021-11-20T06:15:39","modified_gmt":"2021-11-20T06:15:39","slug":"noticias","status":"publish","type":"page","link":"https:\/\/www.hondarribiafutbolelkartea.com\/es\/noticias\/","title":{"rendered":"Noticias"},"content":{"rendered":"<p>[et_pb_section fb_built=\u00bb1&#8243; _builder_version=\u00bb4.9.10&#8243; _module_preset=\u00bbdefault\u00bb locked=\u00bboff\u00bb global_colors_info=\u00bb{}\u00bb][et_pb_row _builder_version=\u00bb4.9.10&#8243; _module_preset=\u00bbdefault\u00bb custom_padding=\u00bb0px||||false|false\u00bb global_colors_info=\u00bb{}\u00bb][et_pb_column type=\u00bb4_4&#8243; _builder_version=\u00bb4.9.10&#8243; _module_preset=\u00bbdefault\u00bb global_colors_info=\u00bb{}\u00bb][et_pb_text admin_label=\u00bbNoticias\u00bb _builder_version=\u00bb4.9.10&#8243; _module_preset=\u00bbdefault\u00bb global_colors_info=\u00bb{}\u00bb]<\/p>\n<h1>Noticias<\/h1>\n<p>[\/et_pb_text][\/et_pb_column][\/et_pb_row][et_pb_row column_structure=\u00bb2_3,1_3&#8243; module_class=\u00bbnoticias\u00bb _builder_version=\u00bb4.13.1&#8243; _module_preset=\u00bbdefault\u00bb hover_enabled=\u00bb0&#8243; locked=\u00bboff\u00bb global_colors_info=\u00bb{}\u00bb sticky_enabled=\u00bb0&#8243;][et_pb_column type=\u00bb2_3&#8243; _builder_version=\u00bb4.9.10&#8243; _module_preset=\u00bbdefault\u00bb global_colors_info=\u00bb{}\u00bb][et_pb_blog meta_date=\u00bbj F, Y\u00bb show_more=\u00bbon\u00bb show_author=\u00bboff\u00bb show_categories=\u00bboff\u00bb _builder_version=\u00bb4.9.10&#8243; _module_preset=\u00bbdefault\u00bb global_colors_info=\u00bb{}\u00bb][\/et_pb_blog][\/et_pb_column][et_pb_column type=\u00bb1_3&#8243; _builder_version=\u00bb4.13.1&#8243; _module_preset=\u00bbdefault\u00bb hover_enabled=\u00bb0&#8243; global_colors_info=\u00bb{}\u00bb sticky_enabled=\u00bb0&#8243;][et_pb_blurb title=\u00bb\u00a1HAZTE SOCIO!\u00bb image=\u00bbhttps:\/\/www.hondarribiafutbolelkartea.com\/wp-content\/uploads\/2021\/11\/hazte-socio.jpg\u00bb admin_label=\u00bb\u00a1HAZTE SOCIO!\u00bb module_class=\u00bbhazte-socio\u00bb _builder_version=\u00bb4.13.1&#8243; _module_preset=\u00bbdefault\u00bb header_level=\u00bbh2&#8243; animation=\u00bboff\u00bb global_module=\u00bb963&#8243; saved_tabs=\u00bball\u00bb locked=\u00bboff\u00bb global_colors_info=\u00bb{}\u00bb]<\/p>\n<p><strong>Y S\u00c9 PARTE DEL CLUB<\/strong><\/p>\n<p>Porque adem\u00e1s de un club de f\u00fatbol con <strong>m\u00e1s de 50 a\u00f1os<\/strong> y <strong>14 equipos<\/strong> en diferentes categor\u00edas, realizamos una gran <strong>labor social en la comarca formando a m\u00e1s de 400 ni\u00f1os<\/strong> y j\u00f3venes al a\u00f1o en nuestras escuelas de f\u00fatbol de invierno y verano.<\/p>\n<div class=\"cuota\">\n<h3>Cuota anual:<\/h3>\n<table>\n<tbody>\n<tr>\n<td>General:<\/td>\n<td>50\u20ac<\/td>\n<\/tr>\n<tr>\n<td>Jubiliados:<\/td>\n<td>30\u20ac<\/td>\n<\/tr>\n<tr>\n<td>Menores 16 a\u00f1os:<\/td>\n<td>10\u20ac<\/td>\n<\/tr>\n<\/tbody>\n<\/table>\n<\/div>\n<p><a class=\"et_pb_button\" href=\"https:\/\/www.hondarribiafutbolelkartea.com\/hazte-socio\/\">Hacerse socio<\/a><\/p>\n<p>[\/et_pb_blurb][\/et_pb_column][\/et_pb_row][\/et_pb_section]<\/p>\n","protected":false},"excerpt":{"rendered":"<p>NoticiasY S\u00c9 PARTE DEL CLUB Porque adem\u00e1s de un club de f\u00fatbol con m\u00e1s de 50 a\u00f1os y 14 equipos en diferentes categor\u00edas, realizamos una gran labor social en la comarca formando a m\u00e1s de 400 ni\u00f1os y j\u00f3venes al a\u00f1o en nuestras escuelas de f\u00fatbol de invierno y verano. Cuota anual: General: 50\u20ac Jubiliados: [&hellip;]<\/p>\n","protected":false},"author":1,"featured_media":0,"parent":0,"menu_order":11,"comment_status":"closed","ping_status":"closed","template":"","meta":{"_et_pb_use_builder":"on","_et_pb_old_content":"","_et_gb_content_width":"","inline_featured_image":false,"footnotes":""},"class_list":["post-9","page","type-page","status-publish","hentry"],"yoast_head":"<!-- This site is optimized with the Yoast SEO plugin v23.9 - https:\/\/yoast.com\/wordpress\/plugins\/seo\/ -->\n<title>Noticias - Hondarribia Futbol Elkartea<\/title>\n<meta name=\"robots\" content=\"index, follow, max-snippet:-1, max-image-preview:large, max-video-preview:-1\" \/>\n<link rel=\"canonical\" href=\"https:\/\/www.hondarribiafutbolelkartea.com\/es\/noticias\/\" \/>\n<meta property=\"og:locale\" content=\"es_ES\" \/>\n<meta property=\"og:type\" content=\"article\" \/>\n<meta property=\"og:title\" content=\"Noticias - Hondarribia Futbol Elkartea\" \/>\n<meta property=\"og:description\" content=\"NoticiasY S\u00c9 PARTE DEL CLUB Porque adem\u00e1s de un club de f\u00fatbol con m\u00e1s de 50 a\u00f1os y 14 equipos en diferentes categor\u00edas, realizamos una gran labor social en la comarca formando a m\u00e1s de 400 ni\u00f1os y j\u00f3venes al a\u00f1o en nuestras escuelas de f\u00fatbol de invierno y verano. Cuota anual: General: 50\u20ac Jubiliados: [&hellip;]\" \/>\n<meta property=\"og:url\" content=\"https:\/\/www.hondarribiafutbolelkartea.com\/es\/noticias\/\" \/>\n<meta property=\"og:site_name\" content=\"Hondarribia Futbol Elkartea\" \/>\n<meta property=\"article:modified_time\" content=\"2021-11-20T06:15:39+00:00\" \/>\n<meta name=\"twitter:card\" content=\"summary_large_image\" \/>\n<meta name=\"twitter:label1\" content=\"Tiempo de lectura\" \/>\n\t<meta name=\"twitter:data1\" content=\"1 minuto\" \/>\n<script type=\"application\/ld+json\" class=\"yoast-schema-graph\">{\"@context\":\"https:\/\/schema.org\",\"@graph\":[{\"@type\":\"WebPage\",\"@id\":\"https:\/\/www.hondarribiafutbolelkartea.com\/es\/noticias\/\",\"url\":\"https:\/\/www.hondarribiafutbolelkartea.com\/es\/noticias\/\",\"name\":\"Noticias - Hondarribia Futbol Elkartea\",\"isPartOf\":{\"@id\":\"https:\/\/www.hondarribiafutbolelkartea.com\/es\/#website\"},\"datePublished\":\"2021-10-27T15:08:38+00:00\",\"dateModified\":\"2021-11-20T06:15:39+00:00\",\"breadcrumb\":{\"@id\":\"https:\/\/www.hondarribiafutbolelkartea.com\/es\/noticias\/#breadcrumb\"},\"inLanguage\":\"es\",\"potentialAction\":[{\"@type\":\"ReadAction\",\"target\":[\"https:\/\/www.hondarribiafutbolelkartea.com\/es\/noticias\/\"]}]},{\"@type\":\"BreadcrumbList\",\"@id\":\"https:\/\/www.hondarribiafutbolelkartea.com\/es\/noticias\/#breadcrumb\",\"itemListElement\":[{\"@type\":\"ListItem\",\"position\":1,\"name\":\"Portada\",\"item\":\"https:\/\/www.hondarribiafutbolelkartea.com\/es\/\"},{\"@type\":\"ListItem\",\"position\":2,\"name\":\"Noticias\"}]},{\"@type\":\"WebSite\",\"@id\":\"https:\/\/www.hondarribiafutbolelkartea.com\/es\/#website\",\"url\":\"https:\/\/www.hondarribiafutbolelkartea.com\/es\/\",\"name\":\"Hondarribia Futbol Elkartea\",\"description\":\"Jugar al f\u00fatbol en Hondarribia\",\"potentialAction\":[{\"@type\":\"SearchAction\",\"target\":{\"@type\":\"EntryPoint\",\"urlTemplate\":\"https:\/\/www.hondarribiafutbolelkartea.com\/es\/?s={search_term_string}\"},\"query-input\":{\"@type\":\"PropertyValueSpecification\",\"valueRequired\":true,\"valueName\":\"search_term_string\"}}],\"inLanguage\":\"es\"}]}<\/script>\n<!-- \/ Yoast SEO plugin. -->","yoast_head_json":{"title":"Noticias - Hondarribia Futbol Elkartea","robots":{"index":"index","follow":"follow","max-snippet":"max-snippet:-1","max-image-preview":"max-image-preview:large","max-video-preview":"max-video-preview:-1"},"canonical":"https:\/\/www.hondarribiafutbolelkartea.com\/es\/noticias\/","og_locale":"es_ES","og_type":"article","og_title":"Noticias - Hondarribia Futbol Elkartea","og_description":"NoticiasY S\u00c9 PARTE DEL CLUB Porque adem\u00e1s de un club de f\u00fatbol con m\u00e1s de 50 a\u00f1os y 14 equipos en diferentes categor\u00edas, realizamos una gran labor social en la comarca formando a m\u00e1s de 400 ni\u00f1os y j\u00f3venes al a\u00f1o en nuestras escuelas de f\u00fatbol de invierno y verano. Cuota anual: General: 50\u20ac Jubiliados: [&hellip;]","og_url":"https:\/\/www.hondarribiafutbolelkartea.com\/es\/noticias\/","og_site_name":"Hondarribia Futbol Elkartea","article_modified_time":"2021-11-20T06:15:39+00:00","twitter_card":"summary_large_image","twitter_misc":{"Tiempo de lectura":"1 minuto"},"schema":{"@context":"https:\/\/schema.org","@graph":[{"@type":"WebPage","@id":"https:\/\/www.hondarribiafutbolelkartea.com\/es\/noticias\/","url":"https:\/\/www.hondarribiafutbolelkartea.com\/es\/noticias\/","name":"Noticias - Hondarribia Futbol Elkartea","isPartOf":{"@id":"https:\/\/www.hondarribiafutbolelkartea.com\/es\/#website"},"datePublished":"2021-10-27T15:08:38+00:00","dateModified":"2021-11-20T06:15:39+00:00","breadcrumb":{"@id":"https:\/\/www.hondarribiafutbolelkartea.com\/es\/noticias\/#breadcrumb"},"inLanguage":"es","potentialAction":[{"@type":"ReadAction","target":["https:\/\/www.hondarribiafutbolelkartea.com\/es\/noticias\/"]}]},{"@type":"BreadcrumbList","@id":"https:\/\/www.hondarribiafutbolelkartea.com\/es\/noticias\/#breadcrumb","itemListElement":[{"@type":"ListItem","position":1,"name":"Portada","item":"https:\/\/www.hondarribiafutbolelkartea.com\/es\/"},{"@type":"ListItem","position":2,"name":"Noticias"}]},{"@type":"WebSite","@id":"https:\/\/www.hondarribiafutbolelkartea.com\/es\/#website","url":"https:\/\/www.hondarribiafutbolelkartea.com\/es\/","name":"Hondarribia Futbol Elkartea","description":"Jugar al f\u00fatbol en Hondarribia","potentialAction":[{"@type":"SearchAction","target":{"@type":"EntryPoint","urlTemplate":"https:\/\/www.hondarribiafutbolelkartea.com\/es\/?s={search_term_string}"},"query-input":{"@type":"PropertyValueSpecification","valueRequired":true,"valueName":"search_term_string"}}],"inLanguage":"es"}]}},"_links":{"self":[{"href":"https:\/\/www.hondarribiafutbolelkartea.com\/es\/wp-json\/wp\/v2\/pages\/9","targetHints":{"allow":["GET"]}}],"collection":[{"href":"https:\/\/www.hondarribiafutbolelkartea.com\/es\/wp-json\/wp\/v2\/pages"}],"about":[{"href":"https:\/\/www.hondarribiafutbolelkartea.com\/es\/wp-json\/wp\/v2\/types\/page"}],"author":[{"embeddable":true,"href":"https:\/\/www.hondarribiafutbolelkartea.com\/es\/wp-json\/wp\/v2\/users\/1"}],"replies":[{"embeddable":true,"href":"https:\/\/www.hondarribiafutbolelkartea.com\/es\/wp-json\/wp\/v2\/comments?post=9"}],"version-history":[{"count":10,"href":"https:\/\/www.hondarribiafutbolelkartea.com\/es\/wp-json\/wp\/v2\/pages\/9\/revisions"}],"predecessor-version":[{"id":969,"href":"https:\/\/www.hondarribiafutbolelkartea.com\/es\/wp-json\/wp\/v2\/pages\/9\/revisions\/969"}],"wp:attachment":[{"href":"https:\/\/www.hondarribiafutbolelkartea.com\/es\/wp-json\/wp\/v2\/media?parent=9"}],"curies":[{"name":"wp","href":"https:\/\/api.w.org\/{rel}","templated":true}]}}