{"id":243,"date":"2021-11-06T12:04:59","date_gmt":"2021-11-06T12:04:59","guid":{"rendered":"https:\/\/www.hondarribiafutbolelkartea.com\/?page_id=243"},"modified":"2021-11-20T07:55:45","modified_gmt":"2021-11-20T07:55:45","slug":"datos","status":"publish","type":"page","link":"https:\/\/www.hondarribiafutbolelkartea.com\/es\/el-club\/datos\/","title":{"rendered":"Datos"},"content":{"rendered":"<p>[et_pb_section fb_built=\u00bb1&#8243; _builder_version=\u00bb4.13.1&#8243; _module_preset=\u00bbdefault\u00bb global_colors_info=\u00bb{}\u00bb][et_pb_row _builder_version=\u00bb4.13.1&#8243; _module_preset=\u00bbdefault\u00bb global_colors_info=\u00bb{}\u00bb][et_pb_column type=\u00bb4_4&#8243; _builder_version=\u00bb4.13.1&#8243; _module_preset=\u00bbdefault\u00bb global_colors_info=\u00bb{}\u00bb][et_pb_text _builder_version=\u00bb4.13.1&#8243; _module_preset=\u00bbdefault\u00bb global_colors_info=\u00bb{}\u00bb]<\/p>\n<h1>Datos<\/h1>\n<p>[\/et_pb_text][\/et_pb_column][\/et_pb_row][et_pb_row column_structure=\u00bb1_2,1_2&#8243; module_class=\u00bbdatos\u00bb _builder_version=\u00bb4.13.1&#8243; _module_preset=\u00bbdefault\u00bb global_colors_info=\u00bb{}\u00bb][et_pb_column type=\u00bb1_2&#8243; _builder_version=\u00bb4.13.1&#8243; _module_preset=\u00bbdefault\u00bb global_colors_info=\u00bb{}\u00bb][et_pb_image src=\u00bbhttps:\/\/www.hondarribiafutbolelkartea.com\/wp-content\/uploads\/2021\/11\/alameda.jpg\u00bb title_text=\u00bbalameda\u00bb _builder_version=\u00bb4.13.1&#8243; _module_preset=\u00bbdefault\u00bb global_colors_info=\u00bb{}\u00bb][\/et_pb_image][\/et_pb_column][et_pb_column type=\u00bb1_2&#8243; _builder_version=\u00bb4.13.1&#8243; _module_preset=\u00bbdefault\u00bb global_colors_info=\u00bb{}\u00bb][et_pb_text _builder_version=\u00bb4.13.1&#8243; _module_preset=\u00bbdefault\u00bb global_colors_info=\u00bb{}\u00bb]<\/p>\n<h2 class=\"et_pb_module_header\">Fundado en 1971<\/h2>\n<div class=\"et_pb_blurb_description\">\n<p>El 11 de Junio de 1971 es la fecha de fundaci\u00f3n del Hondarribia Futbol Elkartea. En una mesa del restaurante Alameda se vot\u00f3, aprob\u00f3 y constituyo la primera Junta Directiva del Club.<\/p>\n<\/div>\n<p>[\/et_pb_text][\/et_pb_column][\/et_pb_row][et_pb_row column_structure=\u00bb1_2,1_2&#8243; module_class=\u00bbdatos\u00bb _builder_version=\u00bb4.13.1&#8243; _module_preset=\u00bbdefault\u00bb global_colors_info=\u00bb{}\u00bb][et_pb_column type=\u00bb1_2&#8243; _builder_version=\u00bb4.13.1&#8243; _module_preset=\u00bbdefault\u00bb global_colors_info=\u00bb{}\u00bb][et_pb_text _builder_version=\u00bb4.13.1&#8243; _module_preset=\u00bbdefault\u00bb global_colors_info=\u00bb{}\u00bb]<\/p>\n<h2 class=\"et_pb_module_header\">De la arena a la hierba<\/h2>\n<div class=\"et_pb_blurb_description\">\n<p>Cuando se fund\u00f3 el Hondarribia no ten\u00eda campo propio y jugaba en el Stadium Gal. En 1972 empez\u00f3 a jugar en Ondartza que inicialmente se llam\u00f3 El Pe\u00f1on.<\/p>\n<\/div>\n<p>[\/et_pb_text][\/et_pb_column][et_pb_column type=\u00bb1_2&#8243; _builder_version=\u00bb4.13.1&#8243; _module_preset=\u00bbdefault\u00bb global_colors_info=\u00bb{}\u00bb][et_pb_image src=\u00bbhttps:\/\/www.hondarribiafutbolelkartea.com\/wp-content\/uploads\/2021\/11\/ondartza-1.jpg\u00bb title_text=\u00bbondartza\u00bb _builder_version=\u00bb4.13.1&#8243; _module_preset=\u00bbdefault\u00bb global_colors_info=\u00bb{}\u00bb][\/et_pb_image][\/et_pb_column][\/et_pb_row][et_pb_row column_structure=\u00bb1_2,1_2&#8243; module_class=\u00bbdatos\u00bb _builder_version=\u00bb4.13.1&#8243; _module_preset=\u00bbdefault\u00bb global_colors_info=\u00bb{}\u00bb][et_pb_column type=\u00bb1_2&#8243; _builder_version=\u00bb4.13.1&#8243; _module_preset=\u00bbdefault\u00bb global_colors_info=\u00bb{}\u00bb][et_pb_image src=\u00bbhttps:\/\/www.hondarribiafutbolelkartea.com\/wp-content\/uploads\/2021\/11\/taldeak.jpg\u00bb title_text=\u00bbtaldeak\u00bb _builder_version=\u00bb4.13.1&#8243; _module_preset=\u00bbdefault\u00bb global_colors_info=\u00bb{}\u00bb][\/et_pb_image][\/et_pb_column][et_pb_column type=\u00bb1_2&#8243; _builder_version=\u00bb4.13.1&#8243; _module_preset=\u00bbdefault\u00bb global_colors_info=\u00bb{}\u00bb][et_pb_text _builder_version=\u00bb4.13.1&#8243; _module_preset=\u00bbdefault\u00bb global_colors_info=\u00bb{}\u00bb]<\/p>\n<h2 class=\"et_pb_module_header\">De 2 a 14 equipos<\/h2>\n<div class=\"et_pb_blurb_description\">\n<p>En 1972 ten\u00edamos dos equipos, a d\u00eda de hoy contamos con 14 equipos y una escuela de f\u00fatbol.<\/p>\n<\/div>\n<p>[\/et_pb_text][\/et_pb_column][\/et_pb_row][\/et_pb_section][et_pb_section fb_built=\u00bb1&#8243; module_class=\u00bbjugadores-historicos\u00bb _builder_version=\u00bb4.13.1&#8243; _module_preset=\u00bbdefault\u00bb background_color=\u00bb#f4f4f4&#8243; global_colors_info=\u00bb{}\u00bb][et_pb_row _builder_version=\u00bb4.13.1&#8243; _module_preset=\u00bbdefault\u00bb custom_padding=\u00bb||0px||false|false\u00bb global_colors_info=\u00bb{}\u00bb][et_pb_column type=\u00bb4_4&#8243; _builder_version=\u00bb4.13.1&#8243; _module_preset=\u00bbdefault\u00bb global_colors_info=\u00bb{}\u00bb][et_pb_text _builder_version=\u00bb4.13.1&#8243; _module_preset=\u00bbdefault\u00bb global_colors_info=\u00bb{}\u00bb]<\/p>\n<h2 style=\"text-align: center;\">Jugadores del Hondarribia<\/h2>\n<p>[\/et_pb_text][\/et_pb_column][\/et_pb_row][et_pb_row column_structure=\u00bb1_4,1_4,1_4,1_4&#8243; use_custom_gutter=\u00bbon\u00bb gutter_width=\u00bb2&#8243; _builder_version=\u00bb4.13.1&#8243; _module_preset=\u00bbdefault\u00bb global_colors_info=\u00bb{}\u00bb][et_pb_column type=\u00bb1_4&#8243; _builder_version=\u00bb4.13.1&#8243; _module_preset=\u00bbdefault\u00bb global_colors_info=\u00bb{}\u00bb][et_pb_team_member name=\u00bbUnay Emery\u00bb position=\u00bbJugador y entrenador\u00bb image_url=\u00bbhttps:\/\/www.hondarribiafutbolelkartea.com\/wp-content\/uploads\/2021\/11\/emery.jpg\u00bb admin_label=\u00bbUnay Emery\u00bb _builder_version=\u00bb4.13.1&#8243; _module_preset=\u00bbdefault\u00bb global_colors_info=\u00bb{}\u00bb]<\/p>\n<p><strong>Jugador<\/strong>: Real Sociedad<\/p>\n<p><strong>Entrenador<\/strong>: Lorca, Almer\u00eda, Valencia, Spartak de Mosc\u00fa, Sevilla, PSG, Arsenal y Villarreal<\/p>\n<p>[\/et_pb_team_member][\/et_pb_column][et_pb_column type=\u00bb1_4&#8243; _builder_version=\u00bb4.13.1&#8243; _module_preset=\u00bbdefault\u00bb global_colors_info=\u00bb{}\u00bb][et_pb_team_member name=\u00bbJoseba Llorente\u00bb position=\u00bbJugador\u00bb image_url=\u00bbhttps:\/\/www.hondarribiafutbolelkartea.com\/wp-content\/uploads\/2021\/11\/llorente.jpg\u00bb admin_label=\u00bbJoseba Llorente\u00bb _builder_version=\u00bb4.13.1&#8243; _module_preset=\u00bbdefault\u00bb global_colors_info=\u00bb{}\u00bb]<\/p>\n<p>Eibar, Real Sociedad, Valladolid, Villarreal y Osasuna<\/p>\n<p>[\/et_pb_team_member][\/et_pb_column][et_pb_column type=\u00bb1_4&#8243; _builder_version=\u00bb4.13.1&#8243; _module_preset=\u00bbdefault\u00bb global_colors_info=\u00bb{}\u00bb][et_pb_team_member name=\u00bbDavid Billabona\u00bb position=\u00bbJugador\u00bb image_url=\u00bbhttps:\/\/www.hondarribiafutbolelkartea.com\/wp-content\/uploads\/2021\/11\/billabona.jpg\u00bb admin_label=\u00bbDavid Billabona\u00bb _builder_version=\u00bb4.13.1&#8243; _module_preset=\u00bbdefault\u00bb global_colors_info=\u00bb{}\u00bb]<\/p>\n<p>Real Sociedad, Athletic Club y Racing de Santander.<\/p>\n<p>Internacional absoluto. Medalla de oro en los JJOO de Barcelona 92.<\/p>\n<p>[\/et_pb_team_member][\/et_pb_column][et_pb_column type=\u00bb1_4&#8243; _builder_version=\u00bb4.13.1&#8243; _module_preset=\u00bbdefault\u00bb global_colors_info=\u00bb{}\u00bb][et_pb_team_member name=\u00bbKote Pikabea\u00bb position=\u00bbJugador\u00bb image_url=\u00bbhttps:\/\/www.hondarribiafutbolelkartea.com\/wp-content\/uploads\/2021\/11\/kote.jpg\u00bb admin_label=\u00bbKote Pikabea\u00bb _builder_version=\u00bb4.13.1&#8243; _module_preset=\u00bbdefault\u00bb global_colors_info=\u00bb{}\u00bb]<\/p>\n<p>11 temporadas en la Real Sociedad<\/p>\n<p>[\/et_pb_team_member][\/et_pb_column][\/et_pb_row][et_pb_row column_structure=\u00bb1_4,1_4,1_4,1_4&#8243; use_custom_gutter=\u00bbon\u00bb gutter_width=\u00bb2&#8243; _builder_version=\u00bb4.13.1&#8243; _module_preset=\u00bbdefault\u00bb global_colors_info=\u00bb{}\u00bb][et_pb_column type=\u00bb1_4&#8243; _builder_version=\u00bb4.13.1&#8243; _module_preset=\u00bbdefault\u00bb global_colors_info=\u00bb{}\u00bb][et_pb_team_member name=\u00bbMikel Llorente\u00bb position=\u00bbJugador\u00bb image_url=\u00bbhttps:\/\/www.hondarribiafutbolelkartea.com\/wp-content\/uploads\/2021\/11\/mikel-llorente.jpg\u00bb admin_label=\u00bbMikel Llorente\u00bb _builder_version=\u00bb4.13.1&#8243; _module_preset=\u00bbdefault\u00bb global_colors_info=\u00bb{}\u00bb]<\/p>\n<p>Real Sociedad juvenil<\/p>\n<p>[\/et_pb_team_member][\/et_pb_column][et_pb_column type=\u00bb1_4&#8243; _builder_version=\u00bb4.13.1&#8243; _module_preset=\u00bbdefault\u00bb global_colors_info=\u00bb{}\u00bb][et_pb_team_member name=\u00bbMariasun Qui\u00f1ones\u00bb position=\u00bbJugadora\u00bb image_url=\u00bbhttps:\/\/www.hondarribiafutbolelkartea.com\/wp-content\/uploads\/2021\/11\/mariasun.jpg\u00bb admin_label=\u00bbMariasun Qui\u00f1ones\u00bb _builder_version=\u00bb4.13.1&#8243; _module_preset=\u00bbdefault\u00bb global_colors_info=\u00bb{}\u00bb]<\/p>\n<p>Mari\u00f1o, Real Sociedad y Athletic Club<\/p>\n<p>[\/et_pb_team_member][\/et_pb_column][et_pb_column type=\u00bb1_4&#8243; _builder_version=\u00bb4.13.1&#8243; _module_preset=\u00bbdefault\u00bb global_colors_info=\u00bb{}\u00bb][et_pb_team_member name=\u00bbXeber Alkain\u00bb position=\u00bbJugador\u00bb image_url=\u00bbhttps:\/\/www.hondarribiafutbolelkartea.com\/wp-content\/uploads\/2021\/11\/xeber.jpg\u00bb admin_label=\u00bbXeber Alkain\u00bb _builder_version=\u00bb4.13.1&#8243; _module_preset=\u00bbdefault\u00bb global_colors_info=\u00bb{}\u00bb]<\/p>\n<p>Real Sociedad B<\/p>\n<p>[\/et_pb_team_member][\/et_pb_column][et_pb_column type=\u00bb1_4&#8243; _builder_version=\u00bb4.13.1&#8243; _module_preset=\u00bbdefault\u00bb global_colors_info=\u00bb{}\u00bb][\/et_pb_column][\/et_pb_row][\/et_pb_section]<\/p>\n","protected":false},"excerpt":{"rendered":"<p>DatosFundado en 1971 El 11 de Junio de 1971 es la fecha de fundaci\u00f3n del Hondarribia Futbol Elkartea. En una mesa del restaurante Alameda se vot\u00f3, aprob\u00f3 y constituyo la primera Junta Directiva del Club. De la arena a la hierba Cuando se fund\u00f3 el Hondarribia no ten\u00eda campo propio y jugaba en el Stadium [&hellip;]<\/p>\n","protected":false},"author":1,"featured_media":0,"parent":12,"menu_order":1,"comment_status":"closed","ping_status":"closed","template":"","meta":{"_et_pb_use_builder":"on","_et_pb_old_content":"","_et_gb_content_width":"","inline_featured_image":false,"footnotes":""},"class_list":["post-243","page","type-page","status-publish","hentry"],"yoast_head":"<!-- This site is optimized with the Yoast SEO plugin v23.9 - https:\/\/yoast.com\/wordpress\/plugins\/seo\/ -->\n<title>Datos - Hondarribia Futbol Elkartea<\/title>\n<meta name=\"robots\" content=\"index, follow, max-snippet:-1, max-image-preview:large, max-video-preview:-1\" \/>\n<link rel=\"canonical\" href=\"https:\/\/www.hondarribiafutbolelkartea.com\/es\/el-club\/datos\/\" \/>\n<meta property=\"og:locale\" content=\"es_ES\" \/>\n<meta property=\"og:type\" content=\"article\" \/>\n<meta property=\"og:title\" content=\"Datos - Hondarribia Futbol Elkartea\" \/>\n<meta property=\"og:description\" content=\"DatosFundado en 1971 El 11 de Junio de 1971 es la fecha de fundaci\u00f3n del Hondarribia Futbol Elkartea. En una mesa del restaurante Alameda se vot\u00f3, aprob\u00f3 y constituyo la primera Junta Directiva del Club. De la arena a la hierba Cuando se fund\u00f3 el Hondarribia no ten\u00eda campo propio y jugaba en el Stadium [&hellip;]\" \/>\n<meta property=\"og:url\" content=\"https:\/\/www.hondarribiafutbolelkartea.com\/es\/el-club\/datos\/\" \/>\n<meta property=\"og:site_name\" content=\"Hondarribia Futbol Elkartea\" \/>\n<meta property=\"article:modified_time\" content=\"2021-11-20T07:55:45+00:00\" \/>\n<meta name=\"twitter:card\" content=\"summary_large_image\" \/>\n<meta name=\"twitter:label1\" content=\"Tiempo de lectura\" \/>\n\t<meta name=\"twitter:data1\" content=\"5 minutos\" \/>\n<script type=\"application\/ld+json\" class=\"yoast-schema-graph\">{\"@context\":\"https:\/\/schema.org\",\"@graph\":[{\"@type\":\"WebPage\",\"@id\":\"https:\/\/www.hondarribiafutbolelkartea.com\/es\/el-club\/datos\/\",\"url\":\"https:\/\/www.hondarribiafutbolelkartea.com\/es\/el-club\/datos\/\",\"name\":\"Datos - Hondarribia Futbol Elkartea\",\"isPartOf\":{\"@id\":\"https:\/\/www.hondarribiafutbolelkartea.com\/es\/#website\"},\"datePublished\":\"2021-11-06T12:04:59+00:00\",\"dateModified\":\"2021-11-20T07:55:45+00:00\",\"breadcrumb\":{\"@id\":\"https:\/\/www.hondarribiafutbolelkartea.com\/es\/el-club\/datos\/#breadcrumb\"},\"inLanguage\":\"es\",\"potentialAction\":[{\"@type\":\"ReadAction\",\"target\":[\"https:\/\/www.hondarribiafutbolelkartea.com\/es\/el-club\/datos\/\"]}]},{\"@type\":\"BreadcrumbList\",\"@id\":\"https:\/\/www.hondarribiafutbolelkartea.com\/es\/el-club\/datos\/#breadcrumb\",\"itemListElement\":[{\"@type\":\"ListItem\",\"position\":1,\"name\":\"Portada\",\"item\":\"https:\/\/www.hondarribiafutbolelkartea.com\/es\/\"},{\"@type\":\"ListItem\",\"position\":2,\"name\":\"El club\",\"item\":\"https:\/\/www.hondarribiafutbolelkartea.com\/es\/el-club\/\"},{\"@type\":\"ListItem\",\"position\":3,\"name\":\"Datos\"}]},{\"@type\":\"WebSite\",\"@id\":\"https:\/\/www.hondarribiafutbolelkartea.com\/es\/#website\",\"url\":\"https:\/\/www.hondarribiafutbolelkartea.com\/es\/\",\"name\":\"Hondarribia Futbol Elkartea\",\"description\":\"Jugar al f\u00fatbol en Hondarribia\",\"potentialAction\":[{\"@type\":\"SearchAction\",\"target\":{\"@type\":\"EntryPoint\",\"urlTemplate\":\"https:\/\/www.hondarribiafutbolelkartea.com\/es\/?s={search_term_string}\"},\"query-input\":{\"@type\":\"PropertyValueSpecification\",\"valueRequired\":true,\"valueName\":\"search_term_string\"}}],\"inLanguage\":\"es\"}]}<\/script>\n<!-- \/ Yoast SEO plugin. -->","yoast_head_json":{"title":"Datos - Hondarribia Futbol Elkartea","robots":{"index":"index","follow":"follow","max-snippet":"max-snippet:-1","max-image-preview":"max-image-preview:large","max-video-preview":"max-video-preview:-1"},"canonical":"https:\/\/www.hondarribiafutbolelkartea.com\/es\/el-club\/datos\/","og_locale":"es_ES","og_type":"article","og_title":"Datos - Hondarribia Futbol Elkartea","og_description":"DatosFundado en 1971 El 11 de Junio de 1971 es la fecha de fundaci\u00f3n del Hondarribia Futbol Elkartea. En una mesa del restaurante Alameda se vot\u00f3, aprob\u00f3 y constituyo la primera Junta Directiva del Club. De la arena a la hierba Cuando se fund\u00f3 el Hondarribia no ten\u00eda campo propio y jugaba en el Stadium [&hellip;]","og_url":"https:\/\/www.hondarribiafutbolelkartea.com\/es\/el-club\/datos\/","og_site_name":"Hondarribia Futbol Elkartea","article_modified_time":"2021-11-20T07:55:45+00:00","twitter_card":"summary_large_image","twitter_misc":{"Tiempo de lectura":"5 minutos"},"schema":{"@context":"https:\/\/schema.org","@graph":[{"@type":"WebPage","@id":"https:\/\/www.hondarribiafutbolelkartea.com\/es\/el-club\/datos\/","url":"https:\/\/www.hondarribiafutbolelkartea.com\/es\/el-club\/datos\/","name":"Datos - Hondarribia Futbol Elkartea","isPartOf":{"@id":"https:\/\/www.hondarribiafutbolelkartea.com\/es\/#website"},"datePublished":"2021-11-06T12:04:59+00:00","dateModified":"2021-11-20T07:55:45+00:00","breadcrumb":{"@id":"https:\/\/www.hondarribiafutbolelkartea.com\/es\/el-club\/datos\/#breadcrumb"},"inLanguage":"es","potentialAction":[{"@type":"ReadAction","target":["https:\/\/www.hondarribiafutbolelkartea.com\/es\/el-club\/datos\/"]}]},{"@type":"BreadcrumbList","@id":"https:\/\/www.hondarribiafutbolelkartea.com\/es\/el-club\/datos\/#breadcrumb","itemListElement":[{"@type":"ListItem","position":1,"name":"Portada","item":"https:\/\/www.hondarribiafutbolelkartea.com\/es\/"},{"@type":"ListItem","position":2,"name":"El club","item":"https:\/\/www.hondarribiafutbolelkartea.com\/es\/el-club\/"},{"@type":"ListItem","position":3,"name":"Datos"}]},{"@type":"WebSite","@id":"https:\/\/www.hondarribiafutbolelkartea.com\/es\/#website","url":"https:\/\/www.hondarribiafutbolelkartea.com\/es\/","name":"Hondarribia Futbol Elkartea","description":"Jugar al f\u00fatbol en Hondarribia","potentialAction":[{"@type":"SearchAction","target":{"@type":"EntryPoint","urlTemplate":"https:\/\/www.hondarribiafutbolelkartea.com\/es\/?s={search_term_string}"},"query-input":{"@type":"PropertyValueSpecification","valueRequired":true,"valueName":"search_term_string"}}],"inLanguage":"es"}]}},"_links":{"self":[{"href":"https:\/\/www.hondarribiafutbolelkartea.com\/es\/wp-json\/wp\/v2\/pages\/243","targetHints":{"allow":["GET"]}}],"collection":[{"href":"https:\/\/www.hondarribiafutbolelkartea.com\/es\/wp-json\/wp\/v2\/pages"}],"about":[{"href":"https:\/\/www.hondarribiafutbolelkartea.com\/es\/wp-json\/wp\/v2\/types\/page"}],"author":[{"embeddable":true,"href":"https:\/\/www.hondarribiafutbolelkartea.com\/es\/wp-json\/wp\/v2\/users\/1"}],"replies":[{"embeddable":true,"href":"https:\/\/www.hondarribiafutbolelkartea.com\/es\/wp-json\/wp\/v2\/comments?post=243"}],"version-history":[{"count":29,"href":"https:\/\/www.hondarribiafutbolelkartea.com\/es\/wp-json\/wp\/v2\/pages\/243\/revisions"}],"predecessor-version":[{"id":1898,"href":"https:\/\/www.hondarribiafutbolelkartea.com\/es\/wp-json\/wp\/v2\/pages\/243\/revisions\/1898"}],"up":[{"embeddable":true,"href":"https:\/\/www.hondarribiafutbolelkartea.com\/es\/wp-json\/wp\/v2\/pages\/12"}],"wp:attachment":[{"href":"https:\/\/www.hondarribiafutbolelkartea.com\/es\/wp-json\/wp\/v2\/media?parent=243"}],"curies":[{"name":"wp","href":"https:\/\/api.w.org\/{rel}","templated":true}]}}