{"id":12,"date":"2021-10-27T15:09:11","date_gmt":"2021-10-27T15:09:11","guid":{"rendered":"https:\/\/www.hondarribiafutbolelkartea.com\/?page_id=12"},"modified":"2021-11-20T06:15:38","modified_gmt":"2021-11-20T06:15:38","slug":"el-club","status":"publish","type":"page","link":"https:\/\/www.hondarribiafutbolelkartea.com\/es\/el-club\/","title":{"rendered":"El club"},"content":{"rendered":"<p>[et_pb_section fb_built=\u00bb1&#8243; _builder_version=\u00bb4.13.1&#8243; _module_preset=\u00bbdefault\u00bb global_colors_info=\u00bb{}\u00bb][et_pb_row _builder_version=\u00bb4.13.1&#8243; _module_preset=\u00bbdefault\u00bb global_colors_info=\u00bb{}\u00bb][et_pb_column type=\u00bb4_4&#8243; _builder_version=\u00bb4.13.1&#8243; _module_preset=\u00bbdefault\u00bb global_colors_info=\u00bb{}\u00bb][et_pb_text _builder_version=\u00bb4.13.1&#8243; _module_preset=\u00bbdefault\u00bb global_colors_info=\u00bb{}\u00bb]<\/p>\n<h1>El club<\/h1>\n<p>[\/et_pb_text][\/et_pb_column][\/et_pb_row][et_pb_row column_structure=\u00bb3_5,2_5&#8243; _builder_version=\u00bb4.13.1&#8243; _module_preset=\u00bbdefault\u00bb global_colors_info=\u00bb{}\u00bb][et_pb_column type=\u00bb3_5&#8243; _builder_version=\u00bb4.13.1&#8243; _module_preset=\u00bbdefault\u00bb global_colors_info=\u00bb{}\u00bb][et_pb_text module_class=\u00bbclub-intro\u00bb _builder_version=\u00bb4.13.1&#8243; _module_preset=\u00bbdefault\u00bb global_colors_info=\u00bb{}\u00bb]<\/p>\n<h2>M\u00e1s de 400 chavales y chavalas juegan en nuestro club cada a\u00f1o.<\/h2>\n<p>\u00bfQui\u00e9n dice que alguno de ellos o ellas no ser\u00e1 la pr\u00f3xima figura de Primera Divisi\u00f3n? Eso s\u00f3lo el tiempo podr\u00e1 decirlo. Lo que es seguro es que en el HFE se educan en valores positivos y aprenden a amar a su pueblo, edificando un sentimiento de pertenencia que conservan toda su vida.<\/p>\n<p>[\/et_pb_text][et_pb_image src=\u00bbhttps:\/\/www.hondarribiafutbolelkartea.com\/wp-content\/uploads\/2021\/11\/club-jugadoras.jpg\u00bb title_text=\u00bbclub-jugadoras\u00bb _builder_version=\u00bb4.13.1&#8243; _module_preset=\u00bbdefault\u00bb global_colors_info=\u00bb{}\u00bb][\/et_pb_image][\/et_pb_column][et_pb_column type=\u00bb2_5&#8243; _builder_version=\u00bb4.13.1&#8243; _module_preset=\u00bbdefault\u00bb global_colors_info=\u00bb{}\u00bb][et_pb_text admin_label=\u00bbNuestro himno\u00bb module_class=\u00bbnuestro-himno\u00bb _builder_version=\u00bb4.13.1&#8243; _module_preset=\u00bbdefault\u00bb global_colors_info=\u00bb{}\u00bb]<\/p>\n<h2><strong>Nuestro himno<\/strong><\/h2>\n<audio class=\"wp-audio-shortcode\" id=\"audio-12-1\" preload=\"none\" style=\"width: 100%;\" controls=\"controls\"><source type=\"audio\/mpeg\" src=\"https:\/\/www.hondarribiafutbolelkartea.com\/wp-content\/uploads\/2021\/11\/hfe-himno.mp3?_=1\" \/><a href=\"https:\/\/www.hondarribiafutbolelkartea.com\/wp-content\/uploads\/2021\/11\/hfe-himno.mp3\">https:\/\/www.hondarribiafutbolelkartea.com\/wp-content\/uploads\/2021\/11\/hfe-himno.mp3<\/a><\/audio>\n<div class=\"himno-col\">\n<p>Hondarribiak badu<br \/>futboleko ekipoa<br \/>neska ta mutiletan<br \/>kategori handikoa<\/p>\n<p>Ekiporik onena da<br \/>geurea izaki,<br \/>herrian txafo dena<br \/>ikustera faki.<\/p>\n<p>Berdea du kolorea<br \/>Hondarribian futbola<br \/>bizia du umorea<br \/>gure herrian odolak.<\/p>\n<p>Zelaian abantian<br \/>modu elegantian<br \/>pasiak eta kontrolak.<br \/>buruakin jo-zia,<br \/>baloia jaitsi-zia,<br \/>guriak ttuk eta golak!<\/p>\n<\/div>\n<div class=\"himno-col\">\n<p>Hainbat urte badira<br \/>hondartzan jo ditugunak<br \/>futbol-jokuan orain<br \/>gu gara txoil ezagunak.<\/p>\n<p>Kanpoan euskaldun eta<br \/>etxean bikingo:<br \/>ekipo hoberikan<br \/>nik ez ez nike egingo.<\/p>\n<p>Berdea du kolorea<br \/>hondarribian futbola,<br \/>bizia du umorea<br \/>gure herrian odolak.<\/p>\n<p>Zelaian abantian<br \/>modu elegantian<br \/>pasiak eta kontrolak,<br \/>buruakin jo-zia,<br \/>baloia jaitsi-zia,<br \/>guriak ttuk golak!<\/p>\n<\/div>\n<p>[\/et_pb_text][\/et_pb_column][\/et_pb_row][\/et_pb_section][et_pb_section fb_built=\u00bb1&#8243; module_class=\u00bbhitos\u00bb _builder_version=\u00bb4.13.1&#8243; _module_preset=\u00bbdefault\u00bb background_color=\u00bb#f4f4f4&#8243; global_colors_info=\u00bb{}\u00bb][et_pb_row column_structure=\u00bb1_4,1_4,1_4,1_4&#8243; use_custom_gutter=\u00bbon\u00bb gutter_width=\u00bb2&#8243; _builder_version=\u00bb4.13.1&#8243; _module_preset=\u00bbdefault\u00bb global_colors_info=\u00bb{}\u00bb][et_pb_column type=\u00bb1_4&#8243; _builder_version=\u00bb4.13.1&#8243; _module_preset=\u00bbdefault\u00bb global_colors_info=\u00bb{}\u00bb][et_pb_blurb title=\u00bb14 equipos\u00bb image=\u00bbhttps:\/\/www.hondarribiafutbolelkartea.com\/wp-content\/uploads\/2021\/11\/club-equipos.jpg\u00bb _builder_version=\u00bb4.13.1&#8243; _module_preset=\u00bbdefault\u00bb global_colors_info=\u00bb{}\u00bb]<\/p>\n<p>Contamos con 14 equipos en las diferentes categor\u00edas<\/p>\n<p>[\/et_pb_blurb][\/et_pb_column][et_pb_column type=\u00bb1_4&#8243; _builder_version=\u00bb4.13.1&#8243; _module_preset=\u00bbdefault\u00bb global_colors_info=\u00bb{}\u00bb][et_pb_blurb title=\u00bbEscuela de invierno y verano\u00bb image=\u00bbhttps:\/\/www.hondarribiafutbolelkartea.com\/wp-content\/uploads\/2021\/11\/eskola-1.jpg\u00bb _builder_version=\u00bb4.13.1&#8243; _module_preset=\u00bbdefault\u00bb global_colors_info=\u00bb{}\u00bb]<\/p>\n<p>En nuestra escuela de futbol formamos jugadores y personas.<\/p>\n<p>[\/et_pb_blurb][\/et_pb_column][et_pb_column type=\u00bb1_4&#8243; _builder_version=\u00bb4.13.1&#8243; _module_preset=\u00bbdefault\u00bb global_colors_info=\u00bb{}\u00bb][et_pb_blurb title=\u00bbMundialito\u00bb image=\u00bbhttps:\/\/www.hondarribiafutbolelkartea.com\/wp-content\/uploads\/2021\/11\/mundialito.jpg\u00bb _builder_version=\u00bb4.13.1&#8243; _module_preset=\u00bbdefault\u00bb global_colors_info=\u00bb{}\u00bb]<\/p>\n<p>Al final de temporada organizamos una fiesta con todos nuestros jugadores y jugamos un torneo mezclando jugadores de todos nuestros equipos.<\/p>\n<p>[\/et_pb_blurb][\/et_pb_column][et_pb_column type=\u00bb1_4&#8243; _builder_version=\u00bb4.13.1&#8243; _module_preset=\u00bbdefault\u00bb global_colors_info=\u00bb{}\u00bb][et_pb_blurb title=\u00bbVeteranos\u00bb image=\u00bbhttps:\/\/www.hondarribiafutbolelkartea.com\/wp-content\/uploads\/2021\/11\/veteranos.jpg\u00bb _builder_version=\u00bb4.13.1&#8243; _module_preset=\u00bbdefault\u00bb global_colors_info=\u00bb{}\u00bb]<\/p>\n<p>El sentimiento de pertenencia al club es muy alto. Muestra de ello es que muchos jugadores que ya han dejado el f\u00fatbol siguen reuni\u00e9ndose y jugando torneos de veteranos.<\/p>\n<p>[\/et_pb_blurb][\/et_pb_column][\/et_pb_row][\/et_pb_section]<\/p>\n","protected":false},"excerpt":{"rendered":"<p>El clubM\u00e1s de 400 chavales y chavalas juegan en nuestro club cada a\u00f1o. \u00bfQui\u00e9n dice que alguno de ellos o ellas no ser\u00e1 la pr\u00f3xima figura de Primera Divisi\u00f3n? Eso s\u00f3lo el tiempo podr\u00e1 decirlo. Lo que es seguro es que en el HFE se educan en valores positivos y aprenden a amar a su [&hellip;]<\/p>\n","protected":false},"author":1,"featured_media":0,"parent":0,"menu_order":4,"comment_status":"closed","ping_status":"closed","template":"","meta":{"_et_pb_use_builder":"on","_et_pb_old_content":"","_et_gb_content_width":"","inline_featured_image":false,"footnotes":""},"class_list":["post-12","page","type-page","status-publish","hentry"],"yoast_head":"<!-- This site is optimized with the Yoast SEO plugin v23.9 - https:\/\/yoast.com\/wordpress\/plugins\/seo\/ -->\n<title>El club - Hondarribia Futbol Elkartea<\/title>\n<meta name=\"robots\" content=\"index, follow, max-snippet:-1, max-image-preview:large, max-video-preview:-1\" \/>\n<link rel=\"canonical\" href=\"https:\/\/www.hondarribiafutbolelkartea.com\/es\/el-club\/\" \/>\n<meta property=\"og:locale\" content=\"es_ES\" \/>\n<meta property=\"og:type\" content=\"article\" \/>\n<meta property=\"og:title\" content=\"El club - Hondarribia Futbol Elkartea\" \/>\n<meta property=\"og:description\" content=\"El clubM\u00e1s de 400 chavales y chavalas juegan en nuestro club cada a\u00f1o. \u00bfQui\u00e9n dice que alguno de ellos o ellas no ser\u00e1 la pr\u00f3xima figura de Primera Divisi\u00f3n? Eso s\u00f3lo el tiempo podr\u00e1 decirlo. Lo que es seguro es que en el HFE se educan en valores positivos y aprenden a amar a su [&hellip;]\" \/>\n<meta property=\"og:url\" content=\"https:\/\/www.hondarribiafutbolelkartea.com\/es\/el-club\/\" \/>\n<meta property=\"og:site_name\" content=\"Hondarribia Futbol Elkartea\" \/>\n<meta property=\"article:modified_time\" content=\"2021-11-20T06:15:38+00:00\" \/>\n<meta name=\"twitter:card\" content=\"summary_large_image\" \/>\n<meta name=\"twitter:label1\" content=\"Tiempo de lectura\" \/>\n\t<meta name=\"twitter:data1\" content=\"3 minutos\" \/>\n<script type=\"application\/ld+json\" class=\"yoast-schema-graph\">{\"@context\":\"https:\/\/schema.org\",\"@graph\":[{\"@type\":\"WebPage\",\"@id\":\"https:\/\/www.hondarribiafutbolelkartea.com\/es\/el-club\/\",\"url\":\"https:\/\/www.hondarribiafutbolelkartea.com\/es\/el-club\/\",\"name\":\"El club - Hondarribia Futbol Elkartea\",\"isPartOf\":{\"@id\":\"https:\/\/www.hondarribiafutbolelkartea.com\/es\/#website\"},\"datePublished\":\"2021-10-27T15:09:11+00:00\",\"dateModified\":\"2021-11-20T06:15:38+00:00\",\"breadcrumb\":{\"@id\":\"https:\/\/www.hondarribiafutbolelkartea.com\/es\/el-club\/#breadcrumb\"},\"inLanguage\":\"es\",\"potentialAction\":[{\"@type\":\"ReadAction\",\"target\":[\"https:\/\/www.hondarribiafutbolelkartea.com\/es\/el-club\/\"]}]},{\"@type\":\"BreadcrumbList\",\"@id\":\"https:\/\/www.hondarribiafutbolelkartea.com\/es\/el-club\/#breadcrumb\",\"itemListElement\":[{\"@type\":\"ListItem\",\"position\":1,\"name\":\"Portada\",\"item\":\"https:\/\/www.hondarribiafutbolelkartea.com\/es\/\"},{\"@type\":\"ListItem\",\"position\":2,\"name\":\"El club\"}]},{\"@type\":\"WebSite\",\"@id\":\"https:\/\/www.hondarribiafutbolelkartea.com\/es\/#website\",\"url\":\"https:\/\/www.hondarribiafutbolelkartea.com\/es\/\",\"name\":\"Hondarribia Futbol Elkartea\",\"description\":\"Jugar al f\u00fatbol en Hondarribia\",\"potentialAction\":[{\"@type\":\"SearchAction\",\"target\":{\"@type\":\"EntryPoint\",\"urlTemplate\":\"https:\/\/www.hondarribiafutbolelkartea.com\/es\/?s={search_term_string}\"},\"query-input\":{\"@type\":\"PropertyValueSpecification\",\"valueRequired\":true,\"valueName\":\"search_term_string\"}}],\"inLanguage\":\"es\"}]}<\/script>\n<!-- \/ Yoast SEO plugin. -->","yoast_head_json":{"title":"El club - Hondarribia Futbol Elkartea","robots":{"index":"index","follow":"follow","max-snippet":"max-snippet:-1","max-image-preview":"max-image-preview:large","max-video-preview":"max-video-preview:-1"},"canonical":"https:\/\/www.hondarribiafutbolelkartea.com\/es\/el-club\/","og_locale":"es_ES","og_type":"article","og_title":"El club - Hondarribia Futbol Elkartea","og_description":"El clubM\u00e1s de 400 chavales y chavalas juegan en nuestro club cada a\u00f1o. \u00bfQui\u00e9n dice que alguno de ellos o ellas no ser\u00e1 la pr\u00f3xima figura de Primera Divisi\u00f3n? Eso s\u00f3lo el tiempo podr\u00e1 decirlo. Lo que es seguro es que en el HFE se educan en valores positivos y aprenden a amar a su [&hellip;]","og_url":"https:\/\/www.hondarribiafutbolelkartea.com\/es\/el-club\/","og_site_name":"Hondarribia Futbol Elkartea","article_modified_time":"2021-11-20T06:15:38+00:00","twitter_card":"summary_large_image","twitter_misc":{"Tiempo de lectura":"3 minutos"},"schema":{"@context":"https:\/\/schema.org","@graph":[{"@type":"WebPage","@id":"https:\/\/www.hondarribiafutbolelkartea.com\/es\/el-club\/","url":"https:\/\/www.hondarribiafutbolelkartea.com\/es\/el-club\/","name":"El club - Hondarribia Futbol Elkartea","isPartOf":{"@id":"https:\/\/www.hondarribiafutbolelkartea.com\/es\/#website"},"datePublished":"2021-10-27T15:09:11+00:00","dateModified":"2021-11-20T06:15:38+00:00","breadcrumb":{"@id":"https:\/\/www.hondarribiafutbolelkartea.com\/es\/el-club\/#breadcrumb"},"inLanguage":"es","potentialAction":[{"@type":"ReadAction","target":["https:\/\/www.hondarribiafutbolelkartea.com\/es\/el-club\/"]}]},{"@type":"BreadcrumbList","@id":"https:\/\/www.hondarribiafutbolelkartea.com\/es\/el-club\/#breadcrumb","itemListElement":[{"@type":"ListItem","position":1,"name":"Portada","item":"https:\/\/www.hondarribiafutbolelkartea.com\/es\/"},{"@type":"ListItem","position":2,"name":"El club"}]},{"@type":"WebSite","@id":"https:\/\/www.hondarribiafutbolelkartea.com\/es\/#website","url":"https:\/\/www.hondarribiafutbolelkartea.com\/es\/","name":"Hondarribia Futbol Elkartea","description":"Jugar al f\u00fatbol en Hondarribia","potentialAction":[{"@type":"SearchAction","target":{"@type":"EntryPoint","urlTemplate":"https:\/\/www.hondarribiafutbolelkartea.com\/es\/?s={search_term_string}"},"query-input":{"@type":"PropertyValueSpecification","valueRequired":true,"valueName":"search_term_string"}}],"inLanguage":"es"}]}},"_links":{"self":[{"href":"https:\/\/www.hondarribiafutbolelkartea.com\/es\/wp-json\/wp\/v2\/pages\/12","targetHints":{"allow":["GET"]}}],"collection":[{"href":"https:\/\/www.hondarribiafutbolelkartea.com\/es\/wp-json\/wp\/v2\/pages"}],"about":[{"href":"https:\/\/www.hondarribiafutbolelkartea.com\/es\/wp-json\/wp\/v2\/types\/page"}],"author":[{"embeddable":true,"href":"https:\/\/www.hondarribiafutbolelkartea.com\/es\/wp-json\/wp\/v2\/users\/1"}],"replies":[{"embeddable":true,"href":"https:\/\/www.hondarribiafutbolelkartea.com\/es\/wp-json\/wp\/v2\/comments?post=12"}],"version-history":[{"count":27,"href":"https:\/\/www.hondarribiafutbolelkartea.com\/es\/wp-json\/wp\/v2\/pages\/12\/revisions"}],"predecessor-version":[{"id":1437,"href":"https:\/\/www.hondarribiafutbolelkartea.com\/es\/wp-json\/wp\/v2\/pages\/12\/revisions\/1437"}],"wp:attachment":[{"href":"https:\/\/www.hondarribiafutbolelkartea.com\/es\/wp-json\/wp\/v2\/media?parent=12"}],"curies":[{"name":"wp","href":"https:\/\/api.w.org\/{rel}","templated":true}]}}